{"id":1099,"date":"2017-11-22T10:52:28","date_gmt":"2017-11-22T09:52:28","guid":{"rendered":"http:\/\/feylamellenringe.com\/?page_id=1099"},"modified":"2017-11-22T10:53:01","modified_gmt":"2017-11-22T09:53:01","slug":"fk6-askd","status":"publish","type":"page","link":"https:\/\/feylamellenringe.com\/en\/products\/doppel-lamellen-dichtungsringe\/fk6-askd\/","title":{"rendered":"FK6 \u2013 ASKD"},"content":{"rendered":"<div class=\"flex_column av_one_full  flex_column_div av-zero-column-padding first  \" style='border-radius:0px; '><section class=\"av_textblock_section \"  itemscope=\"itemscope\" itemtype=\"https:\/\/schema.org\/CreativeWork\" ><div class='avia_textblock  '   itemprop=\"text\" ><h2>FK 6 ASKD Double laminar sealing rings combined for bores<\/h2>\n<h3>Application \u201cFK6 ASKD\u201d Outside clamping combined double rings (3 rings = 1 set)<\/h3>\n<p>Doppelt gewundene Lamellenringe FK6 ASKD dienen zur Fettabdichtung von W\u00e4lz- und Gleitlagern und sch\u00fctzen, gefettet, gegen Fettaustritt sowie gegen Staub-, Schmutz- und Spritzwassereintritt, insbesondere dann, wenn h\u00f6here Abdichtungsanspr\u00fcche gestellt werden. Durch die zus\u00e4tzliche Abdichtung des Nutgrunddurchmesser wird, infolge des vergr\u00f6\u00dferten Umlenkungseffektes, die Abdichtungswirkung optimiert.Aufgrund der einfacheren Montage in die Nuten wird nach M\u00f6glichkeit die Anordnung FK6 ASD oder FK6 ASKD der Anordnung FK6 ISD oder FK6 ISKD vorgezogen. Die Ringtr\u00e4ger k\u00f6nnen aus Stahl, Gusseisen, Leichtmetall oder Kunststoff sein, je nach Anwendungsfall bzw. technischer Notwendigkeit.<\/p>\n<\/div><\/section><\/div>\n<div class=\"flex_column av_one_full  flex_column_div av-zero-column-padding first  \" style='border-radius:0px; '><section class=\"av_textblock_section \"  itemscope=\"itemscope\" itemtype=\"https:\/\/schema.org\/CreativeWork\" ><div class='avia_textblock  '   itemprop=\"text\" ><h3>Ring materials<\/h3>\n<p><img loading=\"lazy\" decoding=\"async\" class=\"alignnone size-full wp-image-1102\" src=\"http:\/\/feylamellenringe.com\/wp-content\/uploads\/2017\/11\/6792245-fk6-askd01.jpg\" alt=\"\" width=\"900\" height=\"224\" srcset=\"https:\/\/feylamellenringe.com\/wp-content\/uploads\/2017\/11\/6792245-fk6-askd01.jpg 900w, https:\/\/feylamellenringe.com\/wp-content\/uploads\/2017\/11\/6792245-fk6-askd01-300x75.jpg 300w, https:\/\/feylamellenringe.com\/wp-content\/uploads\/2017\/11\/6792245-fk6-askd01-768x191.jpg 768w, https:\/\/feylamellenringe.com\/wp-content\/uploads\/2017\/11\/6792245-fk6-askd01-705x175.jpg 705w, https:\/\/feylamellenringe.com\/wp-content\/uploads\/2017\/11\/6792245-fk6-askd01-450x112.jpg 450w\" sizes=\"auto, (max-width: 900px) 100vw, 900px\" \/><\/p>\n<p><img loading=\"lazy\" decoding=\"async\" class=\"alignnone size-full wp-image-1103\" src=\"http:\/\/feylamellenringe.com\/wp-content\/uploads\/2017\/11\/6792267-fk6-askd02.jpg\" alt=\"\" width=\"900\" height=\"415\" srcset=\"https:\/\/feylamellenringe.com\/wp-content\/uploads\/2017\/11\/6792267-fk6-askd02.jpg 900w, https:\/\/feylamellenringe.com\/wp-content\/uploads\/2017\/11\/6792267-fk6-askd02-300x138.jpg 300w, https:\/\/feylamellenringe.com\/wp-content\/uploads\/2017\/11\/6792267-fk6-askd02-768x354.jpg 768w, https:\/\/feylamellenringe.com\/wp-content\/uploads\/2017\/11\/6792267-fk6-askd02-705x325.jpg 705w, https:\/\/feylamellenringe.com\/wp-content\/uploads\/2017\/11\/6792267-fk6-askd02-450x208.jpg 450w\" sizes=\"auto, (max-width: 900px) 100vw, 900px\" \/><\/p>\n<\/div><\/section><\/div>\n<div class=\"flex_column av_one_full  flex_column_div av-zero-column-padding first  \" style='border-radius:0px; '><section class=\"av_textblock_section \"  itemscope=\"itemscope\" itemtype=\"https:\/\/schema.org\/CreativeWork\" ><div class='avia_textblock  '   itemprop=\"text\" ><h3>Axial and\/or radial play\u00a0<sup>3)<\/sup>:<\/h3>\n<p>The groove width \u201cA\u201d must be widened by twice the play if play occurs in the area of the rings. The groove base diameter \u201cD2\u2033 must be reduced by the radial play if radial play occurs. Damage to the rings and the surrounding components occurs if this is not adhered to. It is recommended to use the full groove width tolerances, especially in the case of thermal expansion.<\/p>\n<h3>Installation information\u00a0<sup>3)<\/sup>:<\/h3>\n<p><a href=\"http:\/\/www.feylamellenringe.com\/en\/construction.php\">Click here<\/a><\/p>\n<h3>Order information\u00a0<sup>4)<\/sup>:<\/h3>\n<p>The ring diameter information must match the housing or bore diameter dimensions \u201cD1\u2033 for all inquiries and\/or orders. The rings can be ordered individually or in sets (1 set = 2 ASD rings + 1 ISD-Ring).<\/p>\n<h3>Run and installation tests:<\/h3>\n<p>Run and installation tests under operating conditions must be performed in each case before standard production of our laminar rings can begin to determine whether the desired sealing effects can be achieved.<\/p>\n<h5>FK 6 ASKD Double laminar sealing rings combined for bores<\/h5>\n<p><img loading=\"lazy\" decoding=\"async\" class=\"alignnone size-full wp-image-1101\" src=\"http:\/\/feylamellenringe.com\/wp-content\/uploads\/2017\/11\/6792249-fk6-askd03.jpg\" alt=\"\" width=\"900\" height=\"299\" srcset=\"https:\/\/feylamellenringe.com\/wp-content\/uploads\/2017\/11\/6792249-fk6-askd03.jpg 900w, https:\/\/feylamellenringe.com\/wp-content\/uploads\/2017\/11\/6792249-fk6-askd03-300x100.jpg 300w, https:\/\/feylamellenringe.com\/wp-content\/uploads\/2017\/11\/6792249-fk6-askd03-768x255.jpg 768w, https:\/\/feylamellenringe.com\/wp-content\/uploads\/2017\/11\/6792249-fk6-askd03-705x234.jpg 705w, https:\/\/feylamellenringe.com\/wp-content\/uploads\/2017\/11\/6792249-fk6-askd03-450x150.jpg 450w\" sizes=\"auto, (max-width: 900px) 100vw, 900px\" \/> <img loading=\"lazy\" decoding=\"async\" class=\"alignnone size-full wp-image-1100\" src=\"http:\/\/feylamellenringe.com\/wp-content\/uploads\/2017\/11\/6792250-fk6-askd04.jpg\" alt=\"\" width=\"800\" height=\"938\" srcset=\"https:\/\/feylamellenringe.com\/wp-content\/uploads\/2017\/11\/6792250-fk6-askd04.jpg 800w, https:\/\/feylamellenringe.com\/wp-content\/uploads\/2017\/11\/6792250-fk6-askd04-256x300.jpg 256w, https:\/\/feylamellenringe.com\/wp-content\/uploads\/2017\/11\/6792250-fk6-askd04-768x900.jpg 768w, https:\/\/feylamellenringe.com\/wp-content\/uploads\/2017\/11\/6792250-fk6-askd04-601x705.jpg 601w, https:\/\/feylamellenringe.com\/wp-content\/uploads\/2017\/11\/6792250-fk6-askd04-450x528.jpg 450w\" sizes=\"auto, (max-width: 800px) 100vw, 800px\" \/><\/p>\n<p><a class=\"pdf\" title=\"Download as PDF\" href=\"http:\/\/www.feylamellenringe.com\/upload\/6792252-fk6-askd.pdf\" target=\"_blank\" rel=\"noopener\">Download as PDF<\/a><\/p>\n<\/div><\/section><\/div>\n","protected":false},"excerpt":{"rendered":"","protected":false},"author":2,"featured_media":0,"parent":1342,"menu_order":22,"comment_status":"closed","ping_status":"closed","template":"","meta":{"footnotes":""},"class_list":["post-1099","page","type-page","status-publish","hentry"],"_links":{"self":[{"href":"https:\/\/feylamellenringe.com\/en\/wp-json\/wp\/v2\/pages\/1099","targetHints":{"allow":["GET"]}}],"collection":[{"href":"https:\/\/feylamellenringe.com\/en\/wp-json\/wp\/v2\/pages"}],"about":[{"href":"https:\/\/feylamellenringe.com\/en\/wp-json\/wp\/v2\/types\/page"}],"author":[{"embeddable":true,"href":"https:\/\/feylamellenringe.com\/en\/wp-json\/wp\/v2\/users\/2"}],"replies":[{"embeddable":true,"href":"https:\/\/feylamellenringe.com\/en\/wp-json\/wp\/v2\/comments?post=1099"}],"version-history":[{"count":3,"href":"https:\/\/feylamellenringe.com\/en\/wp-json\/wp\/v2\/pages\/1099\/revisions"}],"predecessor-version":[{"id":1105,"href":"https:\/\/feylamellenringe.com\/en\/wp-json\/wp\/v2\/pages\/1099\/revisions\/1105"}],"up":[{"embeddable":true,"href":"https:\/\/feylamellenringe.com\/en\/wp-json\/wp\/v2\/pages\/1342"}],"wp:attachment":[{"href":"https:\/\/feylamellenringe.com\/en\/wp-json\/wp\/v2\/media?parent=1099"}],"curies":[{"name":"wp","href":"https:\/\/api.w.org\/{rel}","templated":true}]}}