{"id":1959,"date":"2017-09-11T16:58:19","date_gmt":"2017-09-11T14:58:19","guid":{"rendered":"http:\/\/feylamellenringe.com\/fk-8\/"},"modified":"2020-07-21T11:32:26","modified_gmt":"2020-07-21T09:32:26","slug":"fk-8","status":"publish","type":"page","link":"https:\/\/feylamellenringe.com\/pl\/fk-8\/","title":{"rendered":"FK 8"},"content":{"rendered":"<div class=\"flex_column av_one_full  flex_column_div av-zero-column-padding first  \" style='border-radius:0px; '><section class=\"av_textblock_section \"  itemscope=\"itemscope\" itemtype=\"https:\/\/schema.org\/CreativeWork\" ><div class='avia_textblock  '   itemprop=\"text\" ><p><strong>FK8 Uszczelniaj\u0105ce pier\u015bcienie<\/strong>\u00a0no\u015bne z tworzywa sztucznego uszczelki i elementy dystansowe dla smarowanych \u0142o\u017cysk wa\u0142eczkowych<\/p>\n<p>Zastosowanie uszczelniacza warstwowego pier\u015bcienia no\u015bnego z tworzywa sztucznego \u201eFK8\u201d<br \/>\nZewn\u0119trzne zaciskowe uszczelniaj\u0105ce pier\u015bcienie no\u015bne wykonane z tworzywa sztucznego poliamid 6 (PA6), dost\u0119pne r\u00f3wnie\u017c ze wzmocnieniem z w\u0142\u00f3kna mineralnego, s\u0105 stosowane do uszczelniania \u0142o\u017cysk wa\u0142eczkowych przed wyciekiem oleju oraz do ochrony przed wnikaniem wody. U\u017cywane s\u0105 w osiach pojazd\u00f3w oraz rolkach i ko\u0142ach wszystkich typ\u00f3w urz\u0105dze\u0144, w silnikach stosowanych w transporcie, ruchomych sekwencjach sprz\u0119tu budowlanego i maszynach rolniczych.<\/p>\n<p>Uszczelniaj\u0105ce pier\u015bcienie no\u015bne zgodnie z projektem 01 i 02 posiadaj\u0105 spr\u0119\u017cynowe, elastyczne wargi uszczelniaj\u0105ce. Konstrukcja taka jest korzystna w zastosowaniach, gdzie spodziewana jest du\u017ca ilo\u015b\u0107 rozbryzg\u00f3w wody w obszarze uszczelnienia.<\/p>\n<p>Wykonane z tworzywa uszczelnienia pier\u015bcienia no\u015bnego mog\u0105 by\u0107 r\u00f3wnie\u017c stosowane jako uszczelnienie zabezpieczaj\u0105ce znajduj\u0105ce si\u0119 przed bocznymi uk\u0142adami uszczelek na wa\u0142ku.<\/p>\n<p><img loading=\"lazy\" decoding=\"async\" class=\"alignnone size-full wp-image-1961\" src=\"http:\/\/feylamellenringe.com\/wp-content\/uploads\/2020\/01\/fk8.jpg\" alt=\"\" width=\"721\" height=\"711\" srcset=\"https:\/\/feylamellenringe.com\/wp-content\/uploads\/2020\/01\/fk8.jpg 721w, https:\/\/feylamellenringe.com\/wp-content\/uploads\/2020\/01\/fk8-300x296.jpg 300w, https:\/\/feylamellenringe.com\/wp-content\/uploads\/2020\/01\/fk8-80x80.jpg 80w, https:\/\/feylamellenringe.com\/wp-content\/uploads\/2020\/01\/fk8-36x36.jpg 36w, https:\/\/feylamellenringe.com\/wp-content\/uploads\/2020\/01\/fk8-705x695.jpg 705w, https:\/\/feylamellenringe.com\/wp-content\/uploads\/2020\/01\/fk8-450x444.jpg 450w\" sizes=\"auto, (max-width: 721px) 100vw, 721px\" \/><\/p>\n<p>Na og\u00f3\u0142, pier\u015bcienie no\u015bne mog\u0105 zosta\u0107 przesuni\u0119te r\u0119cznie poprzez delikatne uderzanie mi\u0119kkim m\u0142otkiem (1) w p\u00f3\u0142o\u015b. Je\u017celi nachylenie monta\u017cowe jest niepo\u0142\u0105dane lub gdy niewielkie nachylenie jest dost\u0119pne, pier\u015bcie\u0144 no\u015bny nale\u017cy pocz\u0105tkow\u0119 nasun\u0119\u0107 na piast\u0119 (2).<\/p>\n<p><strong>Testy robocze:<\/strong><br \/>\nPrzed rozpocz\u0119ciem produkcji powtarzalnej uszczelniaj\u0105cych pier\u015bcieni no\u015bnych, w ka\u017cdym przypadku musz\u0119 zosta\u0107 przeprowadzone testy monta\u017cu oraz dzia\u0142ania w warunkach eksploatacyjnych, aby ustali\u015b czy po\u017c\u0105dany efekt uszczelniaj\u0105cy jest mo\u017cliwy do osi\u0105gni\u0119cia.<\/p>\n<p><img loading=\"lazy\" decoding=\"async\" class=\"alignnone size-full wp-image-1960\" src=\"http:\/\/feylamellenringe.com\/wp-content\/uploads\/2020\/01\/fk8_2.jpg\" alt=\"\" width=\"738\" height=\"922\" srcset=\"https:\/\/feylamellenringe.com\/wp-content\/uploads\/2020\/01\/fk8_2.jpg 738w, https:\/\/feylamellenringe.com\/wp-content\/uploads\/2020\/01\/fk8_2-240x300.jpg 240w, https:\/\/feylamellenringe.com\/wp-content\/uploads\/2020\/01\/fk8_2-564x705.jpg 564w, https:\/\/feylamellenringe.com\/wp-content\/uploads\/2020\/01\/fk8_2-450x562.jpg 450w\" sizes=\"auto, (max-width: 738px) 100vw, 738px\" \/><\/p>\n<\/div><\/section><\/div>\n","protected":false},"excerpt":{"rendered":"","protected":false},"author":1,"featured_media":0,"parent":0,"menu_order":30,"comment_status":"closed","ping_status":"closed","template":"","meta":{"footnotes":""},"class_list":["post-1959","page","type-page","status-publish","hentry"],"_links":{"self":[{"href":"https:\/\/feylamellenringe.com\/pl\/wp-json\/wp\/v2\/pages\/1959","targetHints":{"allow":["GET"]}}],"collection":[{"href":"https:\/\/feylamellenringe.com\/pl\/wp-json\/wp\/v2\/pages"}],"about":[{"href":"https:\/\/feylamellenringe.com\/pl\/wp-json\/wp\/v2\/types\/page"}],"author":[{"embeddable":true,"href":"https:\/\/feylamellenringe.com\/pl\/wp-json\/wp\/v2\/users\/1"}],"replies":[{"embeddable":true,"href":"https:\/\/feylamellenringe.com\/pl\/wp-json\/wp\/v2\/comments?post=1959"}],"version-history":[{"count":3,"href":"https:\/\/feylamellenringe.com\/pl\/wp-json\/wp\/v2\/pages\/1959\/revisions"}],"predecessor-version":[{"id":2319,"href":"https:\/\/feylamellenringe.com\/pl\/wp-json\/wp\/v2\/pages\/1959\/revisions\/2319"}],"wp:attachment":[{"href":"https:\/\/feylamellenringe.com\/pl\/wp-json\/wp\/v2\/media?parent=1959"}],"curies":[{"name":"wp","href":"https:\/\/api.w.org\/{rel}","templated":true}]}}