{"id":1965,"date":"2017-09-11T16:53:03","date_gmt":"2017-09-11T14:53:03","guid":{"rendered":"http:\/\/feylamellenringe.com\/fk2\/"},"modified":"2020-07-08T12:42:14","modified_gmt":"2020-07-08T10:42:14","slug":"fk2","status":"publish","type":"page","link":"https:\/\/feylamellenringe.com\/pl\/products\/lamellen-kolbenringe\/fk2\/","title":{"rendered":"FK2"},"content":{"rendered":"<div class=\"flex_column av_one_full  flex_column_div av-zero-column-padding first  \" style='border-radius:0px; '><section class=\"av_textblock_section \"  itemscope=\"itemscope\" itemtype=\"https:\/\/schema.org\/CreativeWork\" ><div class='avia_textblock  '   itemprop=\"text\" ><p>FK2 Warstwowe pier\u015bcienie t\u0142okowe<br \/>\ndo t\u0142ok\u00f3w silnik\u00f3w, kompresor\u00f3w, si\u0142ownik\u00f3w pneumatycznych i hydraulicznych, amortyzator\u00f3w.<\/p>\n<p>Zastosowanie:<br \/>\nWarstwowe pier\u015bcienie uszczelniaj\u0105ce \u201eFK2\u201d mog\u0105 by<span lang=\"pl\">\u0107\u00a0<\/span>stosowane w u\u017cywanych i nowych silnikach spalinowych w po\u0142\u0105czeniu z \u017celiwnymi pier\u015bcieniami t\u0142okowymi. \u017celiwne pier\u015bcienie t\u0142okowe nie s\u0105 wymagane dla t\u0142ok\u00f3w urz\u0105dze\u0144 hydraulicznych i pneumatycznych, kompresor\u00f3w i amortyzator\u00f3w. Prosimy o kontakt z naszym dzia\u0142em technicznym, je\u017celi interesuj\u0105 Pa\u0144stwa informacje na temat wymiar\u00f3w, materia\u0142\u00f3w i geometrii rowk\u00f3w.<br \/>\nUszczelnienia t\u0142oka Przyk\u0142ady zastosowan<\/p>\n<p><img loading=\"lazy\" decoding=\"async\" class=\"alignnone size-full wp-image-1935\" src=\"http:\/\/feylamellenringe.com\/wp-content\/uploads\/2020\/01\/FK2-bilder-pl.jpg\" alt=\"\" width=\"650\" height=\"574\" srcset=\"https:\/\/feylamellenringe.com\/wp-content\/uploads\/2020\/01\/FK2-bilder-pl.jpg 650w, https:\/\/feylamellenringe.com\/wp-content\/uploads\/2020\/01\/FK2-bilder-pl-300x265.jpg 300w, https:\/\/feylamellenringe.com\/wp-content\/uploads\/2020\/01\/FK2-bilder-pl-450x397.jpg 450w\" sizes=\"auto, (max-width: 650px) 100vw, 650px\" \/><\/p>\n<p>Instrukcje monta\u017cu:<br \/>\nPatrz strony 38 i 39.<br \/>\nZam\u00f3wienia:<br \/>\nW zapytaniach i\/lub zam\u00f3wieniach \u015brednica pier\u015bcienia musi dok\u0142adnie odpowiada\u0142 wymiarom obudowy lub wa\u0142ka dla wszystkich typ\u00f3w pier\u015bcieni.<br \/>\nTesty robocze<br \/>\nPrzed rozpocz\u0119ciem produkcji powtarzalnej naszych pier\u015bcieni warstwowych, w ka\u017cdym przypadku musz\u0105 zosta\u0107 przeprowadzone testy monta\u017cu oraz dzia\u0142ania w warunkach eksploatacyjnych, aby ustali\u017c czy po\u017c\u0105dany efekt uszczelniaj\u0105cy jest mo\u017cliwy do osi\u0105gni\u0119cia.<\/p>\n<\/div><\/section><\/div>\n","protected":false},"excerpt":{"rendered":"","protected":false},"author":1,"featured_media":0,"parent":1971,"menu_order":0,"comment_status":"closed","ping_status":"closed","template":"","meta":{"footnotes":""},"class_list":["post-1965","page","type-page","status-publish","hentry"],"_links":{"self":[{"href":"https:\/\/feylamellenringe.com\/pl\/wp-json\/wp\/v2\/pages\/1965","targetHints":{"allow":["GET"]}}],"collection":[{"href":"https:\/\/feylamellenringe.com\/pl\/wp-json\/wp\/v2\/pages"}],"about":[{"href":"https:\/\/feylamellenringe.com\/pl\/wp-json\/wp\/v2\/types\/page"}],"author":[{"embeddable":true,"href":"https:\/\/feylamellenringe.com\/pl\/wp-json\/wp\/v2\/users\/1"}],"replies":[{"embeddable":true,"href":"https:\/\/feylamellenringe.com\/pl\/wp-json\/wp\/v2\/comments?post=1965"}],"version-history":[{"count":7,"href":"https:\/\/feylamellenringe.com\/pl\/wp-json\/wp\/v2\/pages\/1965\/revisions"}],"predecessor-version":[{"id":2325,"href":"https:\/\/feylamellenringe.com\/pl\/wp-json\/wp\/v2\/pages\/1965\/revisions\/2325"}],"up":[{"embeddable":true,"href":"https:\/\/feylamellenringe.com\/pl\/wp-json\/wp\/v2\/pages\/1971"}],"wp:attachment":[{"href":"https:\/\/feylamellenringe.com\/pl\/wp-json\/wp\/v2\/media?parent=1965"}],"curies":[{"name":"wp","href":"https:\/\/api.w.org\/{rel}","templated":true}]}}