{"id":1968,"date":"2017-09-11T16:57:01","date_gmt":"2017-09-11T14:57:01","guid":{"rendered":"http:\/\/feylamellenringe.com\/fk-4\/"},"modified":"2020-07-08T12:45:26","modified_gmt":"2020-07-08T10:45:26","slug":"fk-4","status":"publish","type":"page","link":"https:\/\/feylamellenringe.com\/pl\/products\/lamellen-kolbenringe\/fk-4\/","title":{"rendered":"FK 4"},"content":{"rendered":"<div class=\"flex_column av_one_full  flex_column_div av-zero-column-padding first  \" style='border-radius:0px; '><p><section class=\"av_textblock_section \"  itemscope=\"itemscope\" itemtype=\"https:\/\/schema.org\/CreativeWork\" ><div class='avia_textblock  '   itemprop=\"text\" ><p>FK 4 Warstwowe pier\u015bcienie t\u0142okowe<br \/>\ndo t\u0142ok\u00f3w maszyn do kucia swobodnego i kucia matrycowego, hydrauliki sterowniczej i pras.<\/p>\n<p>Zastosowanie:<br \/>\nWarstwowe pier\u015bcienie t\u0142okowe \u201eFK4\u201d do t\u0142ok\u00f3w maszyn do kucia swobodnego i kucia matrycowego, hydrauliki sterowniczej i pras. Prosimy o kontakt z naszym dzia\u0142em technicznym, je\u017celi interesuj\u0105 Pa\u0144stwa informacje na temat wymiar\u00f3w, materia\u0142\u00f3w i geometrii rowk\u00f3w.<\/p>\n<p><img loading=\"lazy\" decoding=\"async\" class=\"alignnone size-full wp-image-1937\" src=\"http:\/\/feylamellenringe.com\/wp-content\/uploads\/2020\/01\/FK4.jpg\" alt=\"\" width=\"650\" height=\"574\" srcset=\"https:\/\/feylamellenringe.com\/wp-content\/uploads\/2020\/01\/FK4.jpg 650w, https:\/\/feylamellenringe.com\/wp-content\/uploads\/2020\/01\/FK4-300x265.jpg 300w, https:\/\/feylamellenringe.com\/wp-content\/uploads\/2020\/01\/FK4-450x397.jpg 450w\" sizes=\"auto, (max-width: 650px) 100vw, 650px\" \/><\/p>\n<\/div><\/section><br \/>\n<div style='padding-bottom:10px;' class='av-special-heading av-special-heading-h3     '><h3 class='av-special-heading-tag '  itemprop=\"headline\"  >Eine nette \u00dcberschrift<\/h3><div class='special-heading-border'><div class='special-heading-inner-border' ><\/div><\/div><\/div><br \/>\n<section class=\"av_textblock_section \"  itemscope=\"itemscope\" itemtype=\"https:\/\/schema.org\/CreativeWork\" ><div class='avia_textblock  '   itemprop=\"text\" ><p>Instrukcje monta\u017cu:<br \/>\nPatrz strony 38 i 39.<\/p>\n<p>Zam\u00f3wienia:<br \/>\nW zapytaniach i\/lub zam\u00f3wieniach \u015brednica pier\u015bcienia musi dok\u0142adnie odpowiada\u0142 wymiarom obudowy lub wa\u0142ka dla wszystkich typ\u00f3w pier\u015bcieni.<\/p>\n<p>Testy robocze:<br \/>\nPrzed rozpocz\u0119ciem produkcji powtarzalnej naszych pier\u015bcieni warstwowych, w ka\u017cdym przypadku musz\u0105 zosta\u0107 przeprowadzone testy monta\u017cu oraz dzia\u0142ania w warunkach eksploatacyjnych, aby ustali\u017c czy po\u017c\u0105dany efekt uszczelniaj\u0105cy jest mo\u017cliwy do osi\u0105gni\u0119cia.<\/p>\n<\/div><\/section><\/p><\/div>\n","protected":false},"excerpt":{"rendered":"","protected":false},"author":2,"featured_media":0,"parent":1971,"menu_order":14,"comment_status":"closed","ping_status":"closed","template":"","meta":{"footnotes":""},"class_list":["post-1968","page","type-page","status-publish","hentry"],"_links":{"self":[{"href":"https:\/\/feylamellenringe.com\/pl\/wp-json\/wp\/v2\/pages\/1968","targetHints":{"allow":["GET"]}}],"collection":[{"href":"https:\/\/feylamellenringe.com\/pl\/wp-json\/wp\/v2\/pages"}],"about":[{"href":"https:\/\/feylamellenringe.com\/pl\/wp-json\/wp\/v2\/types\/page"}],"author":[{"embeddable":true,"href":"https:\/\/feylamellenringe.com\/pl\/wp-json\/wp\/v2\/users\/2"}],"replies":[{"embeddable":true,"href":"https:\/\/feylamellenringe.com\/pl\/wp-json\/wp\/v2\/comments?post=1968"}],"version-history":[{"count":5,"href":"https:\/\/feylamellenringe.com\/pl\/wp-json\/wp\/v2\/pages\/1968\/revisions"}],"predecessor-version":[{"id":2294,"href":"https:\/\/feylamellenringe.com\/pl\/wp-json\/wp\/v2\/pages\/1968\/revisions\/2294"}],"up":[{"embeddable":true,"href":"https:\/\/feylamellenringe.com\/pl\/wp-json\/wp\/v2\/pages\/1971"}],"wp:attachment":[{"href":"https:\/\/feylamellenringe.com\/pl\/wp-json\/wp\/v2\/media?parent=1968"}],"curies":[{"name":"wp","href":"https:\/\/api.w.org\/{rel}","templated":true}]}}