{"id":1986,"date":"2017-09-11T16:27:59","date_gmt":"2017-09-11T14:27:59","guid":{"rendered":"http:\/\/feylamellenringe.com\/ueber-uns\/"},"modified":"2020-06-22T11:02:08","modified_gmt":"2020-06-22T09:02:08","slug":"ueber-uns","status":"publish","type":"page","link":"https:\/\/feylamellenringe.com\/pl\/ueber-uns\/","title":{"rendered":"O nas &#8230;"},"content":{"rendered":"<div class=\"flex_column av_one_full  flex_column_div av-zero-column-padding first  \" style='border-radius:0px; '><section class=\"av_textblock_section \"  itemscope=\"itemscope\" itemtype=\"https:\/\/schema.org\/CreativeWork\" ><div class='avia_textblock  '   itemprop=\"text\" ><h1>Pier\u015bcienie lamelkowe i pier\u015bcienie uszczelniaj\u0105ce<\/h1>\n<\/div><\/section><\/div><div class=\"flex_column av_one_third  flex_column_div av-zero-column-padding first  \" style='border-radius:0px; '><section class=\"av_textblock_section \"  itemscope=\"itemscope\" itemtype=\"https:\/\/schema.org\/CreativeWork\" ><div class='avia_textblock  '   itemprop=\"text\" ><p>&#8230; ponad 60 lat<\/p>\n<p>Ci z Pa\u0144stwa, kt\u00f3rzy \u015bledz\u0105 rozw\u00f3j pier\u015bcieni warstwowych firmy Fey od 1946 roku zapewne pami\u0119taj\u0105, \u017ce pier\u015bcienie warstwowe by\u0142y pocz\u0105tkowo produkowane w Niemczech w wersji jednozwojowej. Pier\u015bcie\u0144 \u201eFK2 AS\u201d by\u0142 stosowany w u\u017cywanych t\u0142okach silnik\u00f3w spalinowych do przywr\u00f3cenia szczelno\u015bci i kompresji w owalnych i zu\u017cytych cylindrach. Powy\u017csze pier\u015bcienie warstwowe wytwarzane by\u0142y z ta\u015bmy stalowej spr\u0119\u017cynowej lub drutu p\u0142askiego, w\u0142\u0105czaj\u0105c w to stal nierdzewn\u0105 i stopy \u017carowytrzyma\u0142e.<br \/>Pierwsze pier\u015bcienie firmy Fey okaza\u0142y si\u0119 sukcesem i by\u0142y stosowane przez wiele lat. Nie by\u0142y jednak w stanie zabezpieczy\u0107 przysz\u0142o\u015bci finansowej przedsi\u0119biorstwa.<br \/>Istotnym warunkiem pozwalaj\u0105cym na dalszy rozw\u00f3j warstwowych pier\u015bcieni uszczelniaj\u0105cych by\u0142o opracowanie efektywnego procesu produkcji tak, aby owalne pier\u015bcienie mog\u0142y by\u0107 produkowane pojedynczo na drodze obr\u00f3bki cieplnej. W\u00f3wczas, po dokonaniu monta\u017cu, pier\u015bcienie mog\u0142y zachowa\u0107 okr\u0105g\u0142y kszta\u0142t w warunkach pracy jako pier\u015bcienie rozszerzaj\u0105ce si\u0119 w otworach lub zaciskaj\u0105ce si\u0119 na wa\u0142kach zapewniaj\u0105c najlepsze w\u0142a\u015bciwo\u015bci uszczelniaj\u0105ce.<br \/>Dzi\u0119ki powy\u017cszym atutom oraz potwierdzonym efektom uszczelnie\u0144 szczelinowych oraz labiryntowych, firma Fey odpowiedzia\u0142a na zapotrzebowanie przemys\u0142u w dziedzinie uszczelnie\u0144. Skutkiem tego by\u0142 wzrost zapyta\u0144 i wymaga\u0144, co doprowadzi\u0142o do stworzenia programu produkcji uszczelnie\u0144, kt\u00f3rych \u015brednica zawiera si\u0119 w przedziale od 15 mm do 1.300 mm. Program produkcyjny firmy Fey to ok. 16.800 rodzaj\u00f3w pier\u015bcieni o r\u00f3\u017cnych \u015brednicach i przekrojach poprzecznych wykonanych z r\u00f3\u017cnorodnych materia\u0142\u00f3w.<br \/>W sk\u0142ad zadowolonych u\u017cytkownik\u00f3w pier\u015bcieni warstwowych naszej firmy wchodz\u0105 producenci \u0142o\u017cysk wa\u0142eczkowych i \u015blizgowych, producenci rur wydechowych silnik\u00f3w spalinowych oraz producenci \u0142o\u017cysk osiowych stosowanych w taborze. Ponadto produkty firmy s\u0105 stosowane w urz\u0105dzeniach do odlewania ci\u0105g\u0142ego, uk\u0142adach przenosz\u0105cych, jednostkach zasilaj\u0105cych i wielu innych.<\/p>\n<\/div><\/section><\/div><\/p>\n<div class=\"flex_column av_one_third  flex_column_div av-zero-column-padding   \" style='border-radius:0px; '><section class=\"av_textblock_section \"  itemscope=\"itemscope\" itemtype=\"https:\/\/schema.org\/CreativeWork\" ><div class='avia_textblock  '   itemprop=\"text\" ><p>Pier\u015bcienie warstwowe Fey jako elementy uszczelniaj\u0105ce w zastosowaniach obrotowych i statycznych:<\/p>\n<p>Informacje og\u00f3lne<br \/>Pier\u015bcienie warstwowe Fey \u0142\u0105cz\u0105 wielokrotny labirynt o ograniczonym styku z bardzo ma\u0142\u0105 szeroko\u015bci\u0105 szczeliny i s\u0105 wyj\u0105tkowo efektywne w uszczelnieniach olejowych. Zabezpieczaj\u0105 przed wnikaniem cieczy, brudu i innych zanieczyszcze\u0144. Opr\u00f3cz znakomitych w\u0142a\u015bciwo\u015bci uszczelniaj\u0105cych w elementach obrotowych, pier\u015bcienie warstwowe o ograniczonym styku znacz\u0105co zmniejszaj\u0105 ciep\u0142o wewn\u0119trzne i zu\u017cycie, co kwalifikuje je do stosowania w charakterze element\u00f3w uszczelniaj\u0105cych w zastosowaniach wysokoobrotowych oraz instalacjach wra\u017cliwych na temperatur\u0119 i\/lub tarcie.<br \/>W uszczelnieniach statycznych takich jak kompensatory osiowe w przykr\u0119canych kolektorach wydechowych silnik\u00f3w spalinowych, uk\u0142adach recyrkulacji spalin i jednostkach zasilaj\u0105cych, kt\u00f3rych temperatura robocza si\u0119ga +700 \u00b0C, pier\u015bcienie warstwowe Fey produkowane s\u0105 z materia\u0142\u00f3w nichromowych odpornych na spr\u0119\u017cynowanie i ciep\u0142o w obszarze uszczelnienia nawet w wysokich temperaturach.<\/p>\n<\/div><\/section><\/div>\n<div class=\"flex_column av_one_third  flex_column_div av-zero-column-padding   \" style='border-radius:0px; '><section class=\"av_textblock_section \"  itemscope=\"itemscope\" itemtype=\"https:\/\/schema.org\/CreativeWork\" ><div class='avia_textblock  '   itemprop=\"text\" ><p>Konstrukcje pier\u015bcieni warstwowych typu jednozwojowego (FK3) oraz dwuzwojowego (FK6\/FK5\/FK5-HFL):<br \/>Pier\u015bcienie warstwowe Fey oferowane s\u0105 jako pier\u015bcienie jednozwojowe (AS i IS) z przerw\u0105 \u0142\u0105cz\u0105ca i jako pier\u015bcienie dwuzwojowe (ASD i ISD) bez przerwy \u0142\u0105cz\u0105cej. U\u017cycie r\u00f3\u017cnych geometrii pier\u015bcieni warstwowych oraz rodzaj technologii monta\u017cu zale\u017c\u0105 od warunk\u00f3w pracy, sekwencji ruchu uszczelnianych element\u00f3w i wymaga\u0144 klienta odno\u015bnie nieprzepuszczalno\u015bci. Opr\u00f3cz pojedynczych pakiet\u00f3w pier\u015bcieni rozszerzaj\u0105cych si\u0119 i pojedynczych pakiet\u00f3w pier\u015bcieni zaciskaj\u0105cych, pier\u015bcienie warstwowe Fey mog\u0105 by\u0107 \u0142\u0105czone w jeden po\u0142\u0105czony pakiet pier\u015bcieni w rowku: pier\u015bcienie rozszerzaj\u0105ce z pier\u015bcieniami zaciskaj\u0105cymi i vice versa. Dodatkowe pokrycie luzu u podstawy rowka w otworze obudowy lub na wa\u0142ku optymalizuje efekt labiryntowy, a co za tym idzie polepsza uszczelnienie. Nale\u017cy jednak zaznaczy\u0107, \u017ce powy\u017csze kombinacje pier\u015bcieni nie s\u0105 zalecane dla wszystkich typ\u00f3w uszczelnie\u0144.<br \/>Zachowaniem do jakiego nie wolno dopu\u015bci\u0107 jest osiowy ruch pakietu warstwowych pier\u015bcieni uszczelniaj\u0105cych wywo\u0142any ruchem rowka, co mo\u017ce by\u0107 spowodowane osiowym luzem na \u0142o\u017cyskach. W zale\u017cno\u015bci od cz\u0119stotliwo\u015bci, mi\u0119dzy pier\u015bcieniem a powierzchnia boczn\u0105 rowka b\u0119dzie wyst\u0119powa\u0142o tarcie, kt\u00f3re mo\u017ce skutkowa\u0107 przedwczesnym zu\u017cyciem pier\u015bcieni i przyleg\u0142ych element\u00f3w.<br \/>Kwestionariusz:<br \/>W niniejszy katalogu nie jeste\u015bmy w stanie przedstawi\u0107 wszystkich mo\u017cliwych zastosowa\u0144 pier\u015bcieni warstwowych. Dlatego prosimy Pa\u0144stwa o wype\u0142nienie kwestionariusza. Przekazane w ten spos\u00f3b informacje pozwol\u0105 nam odpowiedzie\u0107 na Pa\u0144stwa potrzeby i zaproponowa\u0107 odpowiednie rozwi\u0105zania w dziedzinie uszczelnie\u0144.<br \/>Testy robocze<br \/>Przed rozpocz\u0119ciem produkcji powtarzalnej, w ka\u017cdym przypadku musz\u0105 zosta\u0107 przeprowadzone testy monta\u017cu oraz dzia\u0142ania w warunkach eksploatacyjnych, aby ustali\u0107 czy po\u017c\u0105dany efekt uszczelniaj\u0105cy pier\u015bcieni uszczelniaj\u0105cych lub efekt ustalaj\u0105cy pier\u015bcie\u0144 ustalaj\u0105cych jest mo\u017cliwy do osi\u0105gni\u0119cia. Prosimy o kontakt z dzia\u0142em technicznym, aby otrzyma\u0107 stosowne wyja\u015bnienia.<\/p>\n<\/div><\/section><\/div>\n<div  class='hr hr-default  '><span class='hr-inner ' ><span class='hr-inner-style'><\/span><\/span><\/div>\n<div class=\"flex_column av_one_full  flex_column_div av-zero-column-padding first  \" style='border-radius:0px; '><section class=\"av_textblock_section \"  itemscope=\"itemscope\" itemtype=\"https:\/\/schema.org\/CreativeWork\" ><div class='avia_textblock  '   itemprop=\"text\" ><p><img loading=\"lazy\" decoding=\"async\" class=\"alignnone size-full wp-image-1872\" src=\"http:\/\/feylamellenringe.com\/wp-content\/uploads\/2019\/07\/Folie1-1.jpg\" alt=\"\" width=\"960\" height=\"720\" srcset=\"https:\/\/feylamellenringe.com\/wp-content\/uploads\/2019\/07\/Folie1-1.jpg 960w, https:\/\/feylamellenringe.com\/wp-content\/uploads\/2019\/07\/Folie1-1-300x225.jpg 300w, https:\/\/feylamellenringe.com\/wp-content\/uploads\/2019\/07\/Folie1-1-768x576.jpg 768w, https:\/\/feylamellenringe.com\/wp-content\/uploads\/2019\/07\/Folie1-1-705x529.jpg 705w, https:\/\/feylamellenringe.com\/wp-content\/uploads\/2019\/07\/Folie1-1-450x338.jpg 450w\" sizes=\"auto, (max-width: 960px) 100vw, 960px\" \/><\/p>\n<\/div><\/section><\/div>\n","protected":false},"excerpt":{"rendered":"","protected":false},"author":2,"featured_media":0,"parent":0,"menu_order":1,"comment_status":"closed","ping_status":"closed","template":"","meta":{"footnotes":""},"class_list":["post-1986","page","type-page","status-publish","hentry"],"_links":{"self":[{"href":"https:\/\/feylamellenringe.com\/pl\/wp-json\/wp\/v2\/pages\/1986","targetHints":{"allow":["GET"]}}],"collection":[{"href":"https:\/\/feylamellenringe.com\/pl\/wp-json\/wp\/v2\/pages"}],"about":[{"href":"https:\/\/feylamellenringe.com\/pl\/wp-json\/wp\/v2\/types\/page"}],"author":[{"embeddable":true,"href":"https:\/\/feylamellenringe.com\/pl\/wp-json\/wp\/v2\/users\/2"}],"replies":[{"embeddable":true,"href":"https:\/\/feylamellenringe.com\/pl\/wp-json\/wp\/v2\/comments?post=1986"}],"version-history":[{"count":3,"href":"https:\/\/feylamellenringe.com\/pl\/wp-json\/wp\/v2\/pages\/1986\/revisions"}],"predecessor-version":[{"id":1994,"href":"https:\/\/feylamellenringe.com\/pl\/wp-json\/wp\/v2\/pages\/1986\/revisions\/1994"}],"wp:attachment":[{"href":"https:\/\/feylamellenringe.com\/pl\/wp-json\/wp\/v2\/media?parent=1986"}],"curies":[{"name":"wp","href":"https:\/\/api.w.org\/{rel}","templated":true}]}}