{"id":1991,"date":"2017-11-30T16:36:33","date_gmt":"2017-11-30T15:36:33","guid":{"rendered":"http:\/\/feylamellenringe.com\/products\/"},"modified":"2020-06-16T11:33:27","modified_gmt":"2020-06-16T09:33:27","slug":"products","status":"publish","type":"page","link":"https:\/\/feylamellenringe.com\/pl\/products\/","title":{"rendered":"Produkty"},"content":{"rendered":"<div class=\"flex_column av_one_full  flex_column_div av-zero-column-padding first  \" style='border-radius:0px; '><section class=\"av_textblock_section \"  itemscope=\"itemscope\" itemtype=\"https:\/\/schema.org\/CreativeWork\" ><div class='avia_textblock  '   itemprop=\"text\" ><div id=\"attachment_534\" style=\"width: 150px\" class=\"wp-caption alignright\"><a href=\"http:\/\/feylamellenringe.com\/wp-content\/uploads\/2018\/01\/Fey-CATALOG-EN.pdf\"><img loading=\"lazy\" decoding=\"async\" aria-describedby=\"caption-attachment-534\" class=\"wp-image-534\" src=\"http:\/\/feylamellenringe.com\/wp-content\/uploads\/2016\/05\/katalog-neu-80x80.png\" alt=\"\" width=\"140\" height=\"174\" srcset=\"https:\/\/feylamellenringe.com\/wp-content\/uploads\/2016\/05\/katalog-neu-241x300.png 241w, https:\/\/feylamellenringe.com\/wp-content\/uploads\/2016\/05\/katalog-neu-566x705.png 566w, https:\/\/feylamellenringe.com\/wp-content\/uploads\/2016\/05\/katalog-neu-450x560.png 450w, https:\/\/feylamellenringe.com\/wp-content\/uploads\/2016\/05\/katalog-neu.png 600w\" sizes=\"auto, (max-width: 140px) 100vw, 140px\" \/><\/a><p id=\"caption-attachment-534\" class=\"wp-caption-text\">Catalog PDF<\/p><\/div>\n<h2 class=\"article_title\">Przegl\u0105d produkt\u00f3w<\/h2>\n<p>Wybierz z menu po prawej<\/p>\n<\/div><\/section><\/div>\n<div class=\"flex_column av_one_fourth  flex_column_div av-zero-column-padding first  \" style='border-radius:0px; '><section class=\"av_textblock_section \"  itemscope=\"itemscope\" itemtype=\"https:\/\/schema.org\/CreativeWork\" ><div class='avia_textblock  '   itemprop=\"text\" ><p><a href=\"http:\/\/feylamellenringe.com\/pl\/products\/einfach-lamellen-dichtungsringe\/fk3-as\/\">Pojedyncze laminarne pier\u015bcienie uszczelniaj\u0105ce<\/a><\/p>\n<p><span class=\"outer\"><span class=\"inner\"><a href=\"http:\/\/feylamellenringe.com\/en\/products\/einfach-lamellen-dichtungsringe\/fk3-as\/\">FK3 \u2013 AS<\/a>\u00a0<\/span><\/span><\/p>\n<p><span class=\"outer\"><span class=\"inner\"><a href=\"http:\/\/feylamellenringe.com\/en\/products\/einfach-lamellen-dichtungsringe\/fk3-ask\/\">FK3 \u2013 ASK<\/a><\/span><\/span><\/p>\n<p><span class=\"outer\"><span class=\"inner\"><a href=\"http:\/\/feylamellenringe.com\/en\/products\/einfach-lamellen-dichtungsringe\/fk3-is\/\">FK3 \u2013 IS<\/a><\/span><\/span><\/p>\n<p><span class=\"outer\"><span class=\"inner\"><a href=\"http:\/\/feylamellenringe.com\/en\/products\/einfach-lamellen-dichtungsringe\/fk-3-isk\/\">FK 3 \u2013 ISK<\/a><\/span><\/span><\/p>\n<\/div><\/section><\/div>\n<div class=\"flex_column av_one_fourth  flex_column_div av-zero-column-padding   \" style='border-radius:0px; '><section class=\"av_textblock_section \"  itemscope=\"itemscope\" itemtype=\"https:\/\/schema.org\/CreativeWork\" ><div class='avia_textblock  '   itemprop=\"text\" ><p id=\"tw-target-text\" class=\"tw-data-text tw-text-large XcVN5d tw-ta\" dir=\"ltr\" data-placeholder=\"\u00dcbersetzung\"><a href=\"http:\/\/feylamellenringe.com\/pl\/products\/einfach-und-doppel-lamellen-dichtungsringe\/fk-5\/\"><span lang=\"pl\">Pojedyncze i \/ lub podw\u00f3jne laminarne pier\u015bcienie uszczelniaj\u0105ce<\/span><\/a><\/p>\n<p><span class=\"outer\"><span class=\"inner\"><a href=\"http:\/\/feylamellenringe.com\/en\/products\/einfach-und-doppel-lamellen-dichtungsringe\/fk5\/\">FK5<\/a> <\/span><\/span><\/p>\n<p><span class=\"outer\"><span class=\"inner\"><a href=\"http:\/\/feylamellenringe.com\/en\/products\/einfach-und-doppel-lamellen-dichtungsringe\/fk5-hfl\/\">FK5 -HFL<\/a><\/span><\/span><\/p>\n<\/div><\/section><\/div>\n<div class=\"flex_column av_one_fourth  flex_column_div av-zero-column-padding   \" style='border-radius:0px; '><section class=\"av_textblock_section \"  itemscope=\"itemscope\" itemtype=\"https:\/\/schema.org\/CreativeWork\" ><div class='avia_textblock  '   itemprop=\"text\" ><p id=\"tw-target-text\" class=\"tw-data-text tw-text-large XcVN5d tw-ta\" dir=\"ltr\" data-placeholder=\"\u00dcbersetzung\"><a href=\"http:\/\/feylamellenringe.com\/pl\/products\/doppel-lamellen-dichtungsringe\/fk6-asd\/\"><span lang=\"pl\">Podw\u00f3jne laminarne pier\u015bcienie uszczelniaj\u0105ce<\/span><\/a><\/p>\n<p><span class=\"outer\"><span class=\"inner\"><a href=\"http:\/\/feylamellenringe.com\/en\/products\/doppel-lamellen-dichtungsringe\/fk6-asd\/\">FK6 \u2013 ASD<\/a><\/span><\/span><\/p>\n<p><span class=\"outer\"><span class=\"inner\"><a href=\"http:\/\/feylamellenringe.com\/en\/products\/doppel-lamellen-dichtungsringe\/fk6-askd\/\">F<\/a><\/span><\/span><span class=\"outer\"><span class=\"inner\"><a href=\"http:\/\/feylamellenringe.com\/en\/products\/doppel-lamellen-dichtungsringe\/fk6-askd\/\">K6 \u2013 ASKD <\/a><\/span><\/span><\/p>\n<p><span class=\"outer\"><span class=\"inner\"><a href=\"http:\/\/feylamellenringe.com\/en\/products\/doppel-lamellen-dichtungsringe\/fk6-isd\/\">FK6 \u2013 ISD <\/a><\/span><\/span><\/p>\n<p><span class=\"outer\"><span class=\"inner\"><a href=\"http:\/\/feylamellenringe.com\/en\/products\/doppel-lamellen-dichtungsringe\/fk6-iskd\/\">FK6 \u2013 ISKD<\/a><\/span><\/span><\/p>\n<\/div><\/section><\/div>\n<div class=\"flex_column av_one_fourth  flex_column_div av-zero-column-padding   \" style='border-radius:0px; '><section class=\"av_textblock_section \"  itemscope=\"itemscope\" itemtype=\"https:\/\/schema.org\/CreativeWork\" ><div class='avia_textblock  '   itemprop=\"text\" ><p><span class=\"outer\"><span class=\"inner\"><a href=\"http:\/\/feylamellenringe.com\/pl\/products\/einfach-lamellen-sicherungsringe\/k7-esb\/\">Pier\u015bcienie ustalaj\u0105ce laminarne<\/a><\/span><\/span><\/p>\n<p><span class=\"outer\"><span class=\"inner\"><a href=\"http:\/\/feylamellenringe.com\/en\/products\/einfach-lamellen-sicherungsringe\/fk7-esb\/\">FK7 \u2013 ESB <\/a><\/span><\/span><\/p>\n<p><span class=\"outer\"><span class=\"inner\"><a href=\"http:\/\/feylamellenringe.com\/en\/products\/einfach-lamellen-sicherungsringe\/fk7-esw\/\">FK7 \u2013 ESW<\/a><\/span><\/span><\/p>\n<\/div><\/section><\/div>\n<div class=\"flex_column av_one_fourth  flex_column_div av-zero-column-padding first  \" style='border-radius:0px; '><section class=\"av_textblock_section \"  itemscope=\"itemscope\" itemtype=\"https:\/\/schema.org\/CreativeWork\" ><div class='avia_textblock  '   itemprop=\"text\" ><p id=\"tw-target-text\" class=\"tw-data-text tw-text-large XcVN5d tw-ta\" dir=\"ltr\" data-placeholder=\"\u00dcbersetzung\"><a href=\"http:\/\/feylamellenringe.com\/pl\/fk7-dsb\/\"><span lang=\"pl\">Podw\u00f3jne laminarne pier\u015bcienie ustalaj\u0105ce<\/span><\/a><\/p>\n<p><span class=\"outer\"><span class=\"inner\"><a href=\"http:\/\/feylamellenringe.com\/en\/products\/doppel-lamellen-sicherungsringe\/fk7-dsb\/\">FK7 \u2013 DSB <\/a><\/span><\/span><\/p>\n<p><span class=\"outer\"><span class=\"inner\"><a href=\"http:\/\/feylamellenringe.com\/en\/products\/doppel-lamellen-sicherungsringe\/fk7-dsw\/\">FK7 \u2013 DSW <\/a><\/span><\/span><\/p>\n<p><span class=\"outer\"><span class=\"inner\"><a href=\"http:\/\/feylamellenringe.com\/en\/products\/doppel-lamellen-sicherungsringe\/fk7-dms\/\">FK7 \u2013 DMS<\/a><\/span><\/span><\/p>\n<\/div><\/section><\/div>\n<div class=\"flex_column av_one_fourth  flex_column_div av-zero-column-padding   \" style='border-radius:0px; '><section class=\"av_textblock_section \"  itemscope=\"itemscope\" itemtype=\"https:\/\/schema.org\/CreativeWork\" ><div class='avia_textblock  '   itemprop=\"text\" ><p><span class=\"outer\"><span class=\"inner\"><a href=\"http:\/\/feylamellenringe.com\/pl\/fk-8\/\">Uszczelki z laminowanego pier\u015bcienia no\u015bnego z tworzywa sztucznego<\/a><\/span><\/span><\/p>\n<p><span class=\"outer\"><span class=\"inner\"><a href=\"http:\/\/feylamellenringe.com\/en\/products\/kunststoff-lamellenringtraeger-dichtung\/fk-8\/\">FK 8<\/a><\/span><\/span><\/p>\n<\/div><\/section><\/div>\n<div class=\"flex_column av_one_fourth  flex_column_div av-zero-column-padding   \" style='border-radius:0px; '><section class=\"av_textblock_section \"  itemscope=\"itemscope\" itemtype=\"https:\/\/schema.org\/CreativeWork\" ><div class='avia_textblock  '   itemprop=\"text\" ><p id=\"tw-target-text\" class=\"tw-data-text tw-text-large XcVN5d tw-ta\" dir=\"ltr\" data-placeholder=\"\u00dcbersetzung\"><span lang=\"pl\">Spr\u0119\u017cyna Fey<\/span><\/p>\n<p>FK9<\/p>\n<\/div><\/section><\/div><section class=\"av_textblock_section \"  itemscope=\"itemscope\" itemtype=\"https:\/\/schema.org\/CreativeWork\" ><div class='avia_textblock  '   itemprop=\"text\" ><\/div><\/section><\/p>\n","protected":false},"excerpt":{"rendered":"","protected":false},"author":1,"featured_media":0,"parent":0,"menu_order":6,"comment_status":"closed","ping_status":"closed","template":"","meta":{"footnotes":""},"class_list":["post-1991","page","type-page","status-publish","hentry"],"_links":{"self":[{"href":"https:\/\/feylamellenringe.com\/pl\/wp-json\/wp\/v2\/pages\/1991","targetHints":{"allow":["GET"]}}],"collection":[{"href":"https:\/\/feylamellenringe.com\/pl\/wp-json\/wp\/v2\/pages"}],"about":[{"href":"https:\/\/feylamellenringe.com\/pl\/wp-json\/wp\/v2\/types\/page"}],"author":[{"embeddable":true,"href":"https:\/\/feylamellenringe.com\/pl\/wp-json\/wp\/v2\/users\/1"}],"replies":[{"embeddable":true,"href":"https:\/\/feylamellenringe.com\/pl\/wp-json\/wp\/v2\/comments?post=1991"}],"version-history":[{"count":10,"href":"https:\/\/feylamellenringe.com\/pl\/wp-json\/wp\/v2\/pages\/1991\/revisions"}],"predecessor-version":[{"id":2143,"href":"https:\/\/feylamellenringe.com\/pl\/wp-json\/wp\/v2\/pages\/1991\/revisions\/2143"}],"wp:attachment":[{"href":"https:\/\/feylamellenringe.com\/pl\/wp-json\/wp\/v2\/media?parent=1991"}],"curies":[{"name":"wp","href":"https:\/\/api.w.org\/{rel}","templated":true}]}}