{"id":2021,"date":"2017-09-11T16:57:01","date_gmt":"2017-09-11T14:57:01","guid":{"rendered":"http:\/\/feylamellenringe.com\/products\/einfach-lamellen-dichtungsringe\/fk3-ask\/"},"modified":"2020-07-21T12:52:54","modified_gmt":"2020-07-21T10:52:54","slug":"fk3-ask","status":"publish","type":"page","link":"https:\/\/feylamellenringe.com\/pl\/products\/einfach-lamellen-dichtungsringe\/fk3-ask\/","title":{"rendered":"FK3 \u2013 ASK"},"content":{"rendered":"<div class=\"flex_column av_one_full  flex_column_div av-zero-column-padding first  \" style='border-radius:0px; '><section class=\"av_textblock_section \"  itemscope=\"itemscope\" itemtype=\"https:\/\/schema.org\/CreativeWork\" ><div class='avia_textblock  '   itemprop=\"text\" ><h1>FK3 \u2013 ASK<\/h1>\n<p><strong>FK 3 ASK Po\u0142\u0105czone pojedyncze warstwowe pier\u015bcienie uszczelniaj\u0105ce do otwor\u00f3w<\/strong><\/p>\n<p>Zastosowanie po\u0142\u0105czonych zewn\u0105trznych pojedynczych pier\u015bcieni zaciskowych \u201eFK3 ASK&#8221; (5 pier\u015bcienie = 1 zestaw)<br \/>\nJednozwojowe warstwowe pier\u015bcienie uszczelniaj\u0105ce \u201eFK3 ASK\u201d s\u0105 stosowane jako uszczelnienie olejowe w \u0142o\u017cyskach wa\u0142eczkowych i \u015blizgowych. Pier\u015bcienie te, gdy s\u0105 naoliwione, chroni\u0105 przed dost\u0119pem brudu i wilgoci z otoczenia. Ze wzgl\u0105du na zwi\u0119kszony efekt labiryntowy nast\u0119puje optymalizacja efektu uszczelniaj\u0105cego poprzez dodatkowe uszczelnienie \u015brednicy podstawy rowka.<\/p>\n<p>Zestawy &#8222;FK3 AS&#8221; i &#8222;FK3 ASK&#8221; s\u0105 zwykle zalecane zamiast zestaw\u00f3w \u201eFK3 IS\u201d i \u201eFK3 ISK\u201d ze wzgl\u0105du na ich \u0142atwiejszy monta\u017c\u0105 w rowkach. W zale\u017cno\u015bci od zastosowania lub wymaga\u0107 technicznych, pier\u015bcienie no\u015bne mog\u0105 by\u0107 wytwarzane ze stali, \u017celiwa, stop\u00f3w lekkich lub tworzyw sztucznych.<\/p>\n<p><img loading=\"lazy\" decoding=\"async\" class=\"alignnone size-full wp-image-1944\" src=\"http:\/\/feylamellenringe.com\/wp-content\/uploads\/2020\/01\/fk3_isk.jpg\" alt=\"\" width=\"650\" height=\"510\" srcset=\"https:\/\/feylamellenringe.com\/wp-content\/uploads\/2020\/01\/fk3_isk.jpg 650w, https:\/\/feylamellenringe.com\/wp-content\/uploads\/2020\/01\/fk3_isk-300x235.jpg 300w, https:\/\/feylamellenringe.com\/wp-content\/uploads\/2020\/01\/fk3_isk-450x353.jpg 450w\" sizes=\"auto, (max-width: 650px) 100vw, 650px\" \/><\/p>\n<\/div><\/section><br \/>\n<section class=\"av_textblock_section \"  itemscope=\"itemscope\" itemtype=\"https:\/\/schema.org\/CreativeWork\" ><div class='avia_textblock  '   itemprop=\"text\" ><p><strong>Luz osiowy i\/lub poprzeczny 3)<\/strong><br \/>\nSzeroko\u015b\u0107 rowka \u201eA\u201d musi by\u0107 powi\u0105kszona o podwojon\u0105 warto\u015b\u0107 luzu, je\u017celi ten wyst\u0119puje w obszarze pier\u015bcieni. \u015brednica podstawy rowka \u201eD2&#8243; musi by\u0107 pomniejszona o warto\u015b\u0107 luzu poprzecznego, je\u017celi ten wyst\u0119puje. Nieprzestrzeganie powy\u017cszych wytycznych prowadzi do zniszczenia pier\u015bcieni i otaczaj\u0105cych ich element\u00f3w. Zaleca si\u0119 stosowanie pe\u0142nych tolerowanych szeroko\u015bci rowka, zw\u0142aszcza w przypadku wyst\u0119powania rozszerzalno\u015bci cieplnej.<\/p>\n<p><strong>Instrukcje monta\u017cu:<\/strong><br \/>\nPatrz strony 38 i 39.<\/p>\n<p><strong>Zam\u00f3wienia 4):<\/strong><br \/>\nW zapytaniach i\/lub zam\u00f3wieniach \u015brednica pier\u015bcienia musi dok\u0142adnie odpowiada\u0142 wymiarom obudowy lub \u015brednicy otworu \u201eD1\u201d. Pier\u015bcienie mo\u017cna zamawia\u0107 pojedynczo lub w pakietach (1 pakiet = 3 pier\u015bcienie AS + 2 pier\u015bcienie IS\u00a0 ).<\/p>\n<p><strong>Testy robocze:<\/strong><br \/>\nPrzed rozpocz\u0119ciem produkcji powtarzalnej naszych pier\u015bcieni warstwowych, w ka\u017cdym przypadku musz\u0105 zosta\u0107 przeprowadzone testy monta\u017cu oraz dzia\u0142ania w warunkach eksploatacyjnych, aby ustali\u015b czy po\u0142\u0105dany efekt uszczelniaj\u0105cy jest mo\u017cliwy do osi\u0105gni\u0119cia.<\/p>\n<\/div><\/section><\/p><\/div><section class=\"av_textblock_section \"  itemscope=\"itemscope\" itemtype=\"https:\/\/schema.org\/CreativeWork\" ><div class='avia_textblock  '   itemprop=\"text\" ><p><img loading=\"lazy\" decoding=\"async\" class=\"alignnone size-full wp-image-1945\" src=\"http:\/\/feylamellenringe.com\/wp-content\/uploads\/2020\/01\/fk3_isk2.jpg\" alt=\"\" width=\"712\" height=\"989\" srcset=\"https:\/\/feylamellenringe.com\/wp-content\/uploads\/2020\/01\/fk3_isk2.jpg 712w, https:\/\/feylamellenringe.com\/wp-content\/uploads\/2020\/01\/fk3_isk2-216x300.jpg 216w, https:\/\/feylamellenringe.com\/wp-content\/uploads\/2020\/01\/fk3_isk2-508x705.jpg 508w, https:\/\/feylamellenringe.com\/wp-content\/uploads\/2020\/01\/fk3_isk2-450x625.jpg 450w\" sizes=\"auto, (max-width: 712px) 100vw, 712px\" \/><\/p>\n<p>Uwaga: Prosz\u0119 zwr\u00f3ci\u0107 uwag\u0119 na informacje na stronach og\u00f3lnych, instrukcje budowy i monta\u017cu, smarowanie oraz w kwestionariuszu technicznym.<\/p>\n<\/div><\/section><\/p>\n","protected":false},"excerpt":{"rendered":"","protected":false},"author":1,"featured_media":0,"parent":1976,"menu_order":16,"comment_status":"closed","ping_status":"closed","template":"","meta":{"footnotes":""},"class_list":["post-2021","page","type-page","status-publish","hentry"],"_links":{"self":[{"href":"https:\/\/feylamellenringe.com\/pl\/wp-json\/wp\/v2\/pages\/2021","targetHints":{"allow":["GET"]}}],"collection":[{"href":"https:\/\/feylamellenringe.com\/pl\/wp-json\/wp\/v2\/pages"}],"about":[{"href":"https:\/\/feylamellenringe.com\/pl\/wp-json\/wp\/v2\/types\/page"}],"author":[{"embeddable":true,"href":"https:\/\/feylamellenringe.com\/pl\/wp-json\/wp\/v2\/users\/1"}],"replies":[{"embeddable":true,"href":"https:\/\/feylamellenringe.com\/pl\/wp-json\/wp\/v2\/comments?post=2021"}],"version-history":[{"count":4,"href":"https:\/\/feylamellenringe.com\/pl\/wp-json\/wp\/v2\/pages\/2021\/revisions"}],"predecessor-version":[{"id":2332,"href":"https:\/\/feylamellenringe.com\/pl\/wp-json\/wp\/v2\/pages\/2021\/revisions\/2332"}],"up":[{"embeddable":true,"href":"https:\/\/feylamellenringe.com\/pl\/wp-json\/wp\/v2\/pages\/1976"}],"wp:attachment":[{"href":"https:\/\/feylamellenringe.com\/pl\/wp-json\/wp\/v2\/media?parent=2021"}],"curies":[{"name":"wp","href":"https:\/\/api.w.org\/{rel}","templated":true}]}}