{"id":2033,"date":"2017-09-11T16:28:00","date_gmt":"2017-09-11T14:28:00","guid":{"rendered":"http:\/\/feylamellenringe.com\/products\/einfach-und-doppel-lamellen-dichtungsringe\/"},"modified":"2020-06-24T11:43:47","modified_gmt":"2020-06-24T09:43:47","slug":"einfach-und-doppel-lamellen-dichtungsringe","status":"publish","type":"page","link":"https:\/\/feylamellenringe.com\/pl\/products\/einfach-und-doppel-lamellen-dichtungsringe\/","title":{"rendered":"Pojedyncze i podw\u00f3jne blaszkowate pier\u015bcienie uszczelniaj\u0105ce"},"content":{"rendered":"<div class=\"flex_column av_one_half  flex_column_div av-zero-column-padding first  \" style='border-radius:0px; '><section class=\"av_textblock_section \"  itemscope=\"itemscope\" itemtype=\"https:\/\/schema.org\/CreativeWork\" ><div class='avia_textblock  '   itemprop=\"text\" ><p><strong>FK 5: Pojedyncze i\/lub podw\u00f3jne warstwowe pier\u015bcienie <\/strong>uszczelniaj\ufffd?ce stosowane s\ufffd? do uszczelniania kompensator\u00f3w rur wydechowych silnik\u00f3w spalinowych, turbospr\ufffd???arek i turbin.<br \/>\nPier??cienie \u201eFK5\u201d stosowane s\ufffd? r\u00f3wnie?? do uszczelniania zespo??\u00f3w ??o??ysk urz\ufffd?dze?? do ci\ufffd?g??ego odlewania.<\/p>\n<p><a href=\"http:\/\/feylamellenringe.com\/produkte\/einfach-und-doppel-lamellen-dichtungsringe\/fk-5\/\">FK5<\/a><br \/>\n<a href=\"http:\/\/feylamellenringe.com\/produkte\/einfach-und-doppel-lamellen-dichtungsringe\/fk-5-hfl\/\">FK 5 \u2013 HFL<\/a><\/p>\n<\/div><\/section><\/div>\n","protected":false},"excerpt":{"rendered":"","protected":false},"author":1,"featured_media":0,"parent":1991,"menu_order":9,"comment_status":"closed","ping_status":"closed","template":"","meta":{"footnotes":""},"class_list":["post-2033","page","type-page","status-publish","hentry"],"_links":{"self":[{"href":"https:\/\/feylamellenringe.com\/pl\/wp-json\/wp\/v2\/pages\/2033","targetHints":{"allow":["GET"]}}],"collection":[{"href":"https:\/\/feylamellenringe.com\/pl\/wp-json\/wp\/v2\/pages"}],"about":[{"href":"https:\/\/feylamellenringe.com\/pl\/wp-json\/wp\/v2\/types\/page"}],"author":[{"embeddable":true,"href":"https:\/\/feylamellenringe.com\/pl\/wp-json\/wp\/v2\/users\/1"}],"replies":[{"embeddable":true,"href":"https:\/\/feylamellenringe.com\/pl\/wp-json\/wp\/v2\/comments?post=2033"}],"version-history":[{"count":3,"href":"https:\/\/feylamellenringe.com\/pl\/wp-json\/wp\/v2\/pages\/2033\/revisions"}],"predecessor-version":[{"id":2232,"href":"https:\/\/feylamellenringe.com\/pl\/wp-json\/wp\/v2\/pages\/2033\/revisions\/2232"}],"up":[{"embeddable":true,"href":"https:\/\/feylamellenringe.com\/pl\/wp-json\/wp\/v2\/pages\/1991"}],"wp:attachment":[{"href":"https:\/\/feylamellenringe.com\/pl\/wp-json\/wp\/v2\/media?parent=2033"}],"curies":[{"name":"wp","href":"https:\/\/api.w.org\/{rel}","templated":true}]}}