{"id":2037,"date":"2017-09-11T16:57:02","date_gmt":"2017-09-11T14:57:02","guid":{"rendered":"http:\/\/feylamellenringe.com\/products\/einfach-und-doppel-lamellen-dichtungsringe\/fk-5\/"},"modified":"2020-07-08T12:22:06","modified_gmt":"2020-07-08T10:22:06","slug":"fk-5","status":"publish","type":"page","link":"https:\/\/feylamellenringe.com\/pl\/products\/einfach-und-doppel-lamellen-dichtungsringe\/fk-5\/","title":{"rendered":"FK 5"},"content":{"rendered":"<section class=\"av_textblock_section \"  itemscope=\"itemscope\" itemtype=\"https:\/\/schema.org\/CreativeWork\" ><div class='avia_textblock  '   itemprop=\"text\" ><h1>FK 5<\/h1>\n<p><strong>FK 5 Pojedyncze i podw\u00f3jne warstwowe pier\u015bcienie uszczelniaj\u0105ce<\/strong><br \/>\ndo \u0142o\u017cysk wa\u0142eczkowych stosowanych w urz\u0105dzeniach do ci\u0105g\u0142ego odlewania, turbinach parowych i jednostkach zasilaj\u0105cych<\/p>\n<p><strong>Zastosowanie pojedynczych i podw\u00f3jnych warstwowych pier\u015bcieni uszczelniaj\u0105<\/strong><strong>cych \u201eFK5\u201d<\/strong><br \/>\nJedno- i dwuzwojowe warstwowe pier\u015bcienie uszczelniaj\u0105ce s\u0105 u\u017cywane do uszczelniania \u0142o\u017cysk wa\u0142eczkowych i \u015blizgowych zespo\u0142\u00f3w walcowniczych w urz\u0105dzeniach do ci\u0105g\u0142ego odlewania, przemys\u0142owych turbinach parowych, ruchomych i stacjonarnych agregat\u00f3w pr\u0105dotw\u00f3rczych. W ka\u017cdym przypadku uk\u0142ad uszczelniaj\u0105cy musi sprosta\u0107 surowym wymaganiom wynikaj\u0105cym z ekstremalnych warunk\u00f3w eksploatacyjnych takich jak: korozja oraz oddzia\u0142 ywanie czynnik\u00f3w chemicznych na materia\u0142, z jakiego wykonany jest pier\u015bcie\u0144, wysoka temperatura pracy i poziom zanieczyszcze\u0144.<br \/>\n<img loading=\"lazy\" decoding=\"async\" class=\"alignnone size-full wp-image-1946\" src=\"http:\/\/feylamellenringe.com\/wp-content\/uploads\/2020\/01\/fk5.jpg\" alt=\"\" width=\"681\" height=\"761\" srcset=\"https:\/\/feylamellenringe.com\/wp-content\/uploads\/2020\/01\/fk5.jpg 681w, https:\/\/feylamellenringe.com\/wp-content\/uploads\/2020\/01\/fk5-268x300.jpg 268w, https:\/\/feylamellenringe.com\/wp-content\/uploads\/2020\/01\/fk5-631x705.jpg 631w, https:\/\/feylamellenringe.com\/wp-content\/uploads\/2020\/01\/fk5-450x503.jpg 450w\" sizes=\"auto, (max-width: 681px) 100vw, 681px\" \/><\/p>\n<\/div><\/section>\n<section class=\"av_textblock_section \"  itemscope=\"itemscope\" itemtype=\"https:\/\/schema.org\/CreativeWork\" ><div class='avia_textblock  '   itemprop=\"text\" ><p><strong>Instrukcje monta\u017cu:<\/strong><br \/>\nPatrz strony 38 i 39.<\/p>\n<p><strong>Zam\u00f3wienia:<\/strong><br \/>\nW zapytaniach i\/lub zam\u00f3wieniach \u015brednica pier\u015bcienia musi odpowiada\u0107 wymiarom obudowy lub \u015brednicy wa\u0142ka \u201eD1\u201d. Pier\u015bcienie mo\u017cna zamawia\u0107 pojedynczo lub w pakietach.<\/p>\n<p><strong>Testy robocze:<\/strong><br \/>\nPrzed rozpocz\u0119ciem produkcji powtarzalnej naszych pier\u015bcieni warstwowych, w ka\u017cdym przypadku musz\u0119 zosta\u0107 przeprowadzone testy monta\u017cu oraz dzia\u0142 ania w warunkach eksploatacyjnych, aby ustali\u0107 czy po\u017c\u0105dany efekt uszczelniaj\u0105cy jest mo\u017cliwy do osi\u0105gni\u0119cia.<\/p>\n<\/div><\/section>\n<section class=\"av_textblock_section \"  itemscope=\"itemscope\" itemtype=\"https:\/\/schema.org\/CreativeWork\" ><div class='avia_textblock  '   itemprop=\"text\" ><p><img loading=\"lazy\" decoding=\"async\" class=\"alignnone size-full wp-image-1947\" src=\"http:\/\/feylamellenringe.com\/wp-content\/uploads\/2020\/01\/fk5_2.jpg\" alt=\"\" width=\"674\" height=\"910\" srcset=\"https:\/\/feylamellenringe.com\/wp-content\/uploads\/2020\/01\/fk5_2.jpg 674w, https:\/\/feylamellenringe.com\/wp-content\/uploads\/2020\/01\/fk5_2-222x300.jpg 222w, https:\/\/feylamellenringe.com\/wp-content\/uploads\/2020\/01\/fk5_2-522x705.jpg 522w, https:\/\/feylamellenringe.com\/wp-content\/uploads\/2020\/01\/fk5_2-450x608.jpg 450w\" sizes=\"auto, (max-width: 674px) 100vw, 674px\" \/><\/p>\n<\/div><\/section>\n<section class=\"av_textblock_section \"  itemscope=\"itemscope\" itemtype=\"https:\/\/schema.org\/CreativeWork\" ><div class='avia_textblock  '   itemprop=\"text\" ><p><strong>Achtung:<\/strong>\u00a0Bitte beachten Sie die Hinweise auf den Seiten Allgemeines,\u00a0<a href=\"http:\/\/www.feylamellenringe.com\/de\/konstruktion.php\">Konstruktions<\/a>&#8211; und Montagehinweise, Befettung und im\u00a0<a href=\"http:\/\/www.feylamellenringe.com\/de\/technischer-fragebogen.php\">technischen Fragebogen<\/a>.<\/p>\n<p><a class=\"pdf\" title=\"Als PDF herunterladen\" href=\"http:\/\/www.feylamellenringe.com\/upload\/6767541-fk5.pdf\" target=\"_blank\" rel=\"noopener noreferrer\">Als PDF herunterladen<\/a><\/p>\n<\/div><\/section>\n","protected":false},"excerpt":{"rendered":"","protected":false},"author":1,"featured_media":0,"parent":2033,"menu_order":19,"comment_status":"closed","ping_status":"closed","template":"","meta":{"footnotes":""},"class_list":["post-2037","page","type-page","status-publish","hentry"],"_links":{"self":[{"href":"https:\/\/feylamellenringe.com\/pl\/wp-json\/wp\/v2\/pages\/2037","targetHints":{"allow":["GET"]}}],"collection":[{"href":"https:\/\/feylamellenringe.com\/pl\/wp-json\/wp\/v2\/pages"}],"about":[{"href":"https:\/\/feylamellenringe.com\/pl\/wp-json\/wp\/v2\/types\/page"}],"author":[{"embeddable":true,"href":"https:\/\/feylamellenringe.com\/pl\/wp-json\/wp\/v2\/users\/1"}],"replies":[{"embeddable":true,"href":"https:\/\/feylamellenringe.com\/pl\/wp-json\/wp\/v2\/comments?post=2037"}],"version-history":[{"count":5,"href":"https:\/\/feylamellenringe.com\/pl\/wp-json\/wp\/v2\/pages\/2037\/revisions"}],"predecessor-version":[{"id":2291,"href":"https:\/\/feylamellenringe.com\/pl\/wp-json\/wp\/v2\/pages\/2037\/revisions\/2291"}],"up":[{"embeddable":true,"href":"https:\/\/feylamellenringe.com\/pl\/wp-json\/wp\/v2\/pages\/2033"}],"wp:attachment":[{"href":"https:\/\/feylamellenringe.com\/pl\/wp-json\/wp\/v2\/media?parent=2037"}],"curies":[{"name":"wp","href":"https:\/\/api.w.org\/{rel}","templated":true}]}}