{"id":2041,"date":"2017-09-11T16:57:02","date_gmt":"2017-09-11T14:57:02","guid":{"rendered":"http:\/\/feylamellenringe.com\/products\/einfach-und-doppel-lamellen-dichtungsringe\/fk-5-hfl\/"},"modified":"2020-07-08T13:06:28","modified_gmt":"2020-07-08T11:06:28","slug":"fk-5-hfl","status":"publish","type":"page","link":"https:\/\/feylamellenringe.com\/pl\/products\/einfach-und-doppel-lamellen-dichtungsringe\/fk-5-hfl\/","title":{"rendered":"FK 5 &#8211; HFL"},"content":{"rendered":"<section class=\"av_textblock_section \"  itemscope=\"itemscope\" itemtype=\"https:\/\/schema.org\/CreativeWork\" ><div class='avia_textblock  '   itemprop=\"text\" ><h1>FK5 -HFL<\/h1>\n<p><strong>FK5-HFL Pojedyncze i podw\u00f3jne warstwowe pier\u015bcienie uszczelniaj\u0105<\/strong><strong>ce<\/strong><br \/>\ndo uszczelniania kompensator\u00f3w osiowych w rurach wydechowych silnik\u00f3w spalinowych, kolektor\u00f3w &#8211; z\u0142\u0105cz rurowych wykonanych z blachy, uk\u0142ad\u00f3w recyrkulacji spalin i turbospr\u0119\u017carek<\/p>\n<p><strong>Zastosowanie pojedynczych i podw\u00f3jnych warstwowe pier\u0142cieni uszczelniaj\u0105<\/strong><strong>cych \u201eFK5-HFL\u201d<\/strong><br \/>\nJedno- i dwuzwojowe warstwowe pier\u015bcienie uszczelniaj\u0105ce oznaczone symbolem &#8222;FK5-HFL&#8221; wykonane s\u0105 z \u017carowytrzyma\u0142ej nichromowej stali i przeznaczone s\u0105 do uszczelniania kompensator\u00f3w osiowych i poprzecznych w rurach wydechowych silnik\u00f3w spalinowych, uk\u0142adach recyrkulacji spalin, zaworach wydechowych, turbospr\u0119\u017carkach, ruchomych i stacjonarnych agregatach pr\u0105dotw\u00f3rczych. S\u0105 szczeg\u00f3lnie zalecane w zastosowaniach o wysokiej temperaturze roboczej, du\u017cych ruchach osiowych i poprzecznych wynikaj\u0105cych z rozszerzalno\u015bci cieplnej.<img loading=\"lazy\" decoding=\"async\" class=\"alignnone size-full wp-image-1948\" src=\"http:\/\/feylamellenringe.com\/wp-content\/uploads\/2020\/01\/fk5_hfl.jpg\" alt=\"\" width=\"679\" height=\"660\" srcset=\"https:\/\/feylamellenringe.com\/wp-content\/uploads\/2020\/01\/fk5_hfl.jpg 679w, https:\/\/feylamellenringe.com\/wp-content\/uploads\/2020\/01\/fk5_hfl-300x292.jpg 300w, https:\/\/feylamellenringe.com\/wp-content\/uploads\/2020\/01\/fk5_hfl-36x36.jpg 36w, https:\/\/feylamellenringe.com\/wp-content\/uploads\/2020\/01\/fk5_hfl-450x437.jpg 450w\" sizes=\"auto, (max-width: 679px) 100vw, 679px\" \/><\/p>\n<\/div><\/section>\n<section class=\"av_textblock_section \"  itemscope=\"itemscope\" itemtype=\"https:\/\/schema.org\/CreativeWork\" ><div class='avia_textblock  '   itemprop=\"text\" ><p><strong>Wymiary ekspandera na \u017cyczenie<\/strong><\/p>\n<p><strong>Instrukcje monta\u017cu:<\/strong><br \/>\nPatrz strony 38 i 39.<\/p>\n<p><strong>Zam\u00f3wienia:<\/strong><\/p>\n<p>W zapytaniach i\/lub zam\u00f3wieniach \u015brednica pier\u015bcienia musi dok\u0142adnie odpowiada\u0142 wymiarom obudowy \u201eD1\u201d. Pier\u015bcienie mo\u017cna zamawia\u0107 pojedynczo lub w pakietach.<\/p>\n<p><strong>Testy robocze:<\/strong><br \/>\nPrzed rozpocz\u0119ciem produkcji powtarzalnej naszych pier\u015bcieni warstwowych, w ka\u017cdym przypadku musz\u0105 zosta\u0107 przeprowadzone testy monta\u017cu oraz dzia\u0142ania w warunkach eksploatacyjnych, aby ustali\u017c czy po\u017c\u0105dany efekt uszczelniaj\u0105cy jest mo\u017cliwy do osi\u0105gni\u0119cia.<\/p>\n<\/div><\/section>\n<section class=\"av_textblock_section \"  itemscope=\"itemscope\" itemtype=\"https:\/\/schema.org\/CreativeWork\" ><div class='avia_textblock  '   itemprop=\"text\" ><p><img loading=\"lazy\" decoding=\"async\" class=\"alignnone size-full wp-image-1949\" src=\"http:\/\/feylamellenringe.com\/wp-content\/uploads\/2020\/01\/fk5_hfl2.jpg\" alt=\"\" width=\"690\" height=\"1007\" srcset=\"https:\/\/feylamellenringe.com\/wp-content\/uploads\/2020\/01\/fk5_hfl2.jpg 690w, https:\/\/feylamellenringe.com\/wp-content\/uploads\/2020\/01\/fk5_hfl2-206x300.jpg 206w, https:\/\/feylamellenringe.com\/wp-content\/uploads\/2020\/01\/fk5_hfl2-483x705.jpg 483w, https:\/\/feylamellenringe.com\/wp-content\/uploads\/2020\/01\/fk5_hfl2-450x657.jpg 450w\" sizes=\"auto, (max-width: 690px) 100vw, 690px\" \/><\/p>\n<\/div><\/section>\n<section class=\"av_textblock_section \"  itemscope=\"itemscope\" itemtype=\"https:\/\/schema.org\/CreativeWork\" ><div class='avia_textblock  '   itemprop=\"text\" ><p><strong>Achtung:<\/strong>\u00a0Bitte beachten Sie die Hinweise auf den Seiten Allgemeines,\u00a0<a href=\"http:\/\/www.feylamellenringe.com\/de\/konstruktion.php\">Konstruktions<\/a>&#8211; und Montagehinweise, Befettung und im\u00a0<a href=\"http:\/\/www.feylamellenringe.com\/de\/technischer-fragebogen.php\">technischen Fragebogen<\/a>.<\/p>\n<p><a class=\"pdf\" title=\"Als PDF herunterladen\" href=\"http:\/\/www.feylamellenringe.com\/upload\/6768133-fk5-hfl.pdf\" target=\"_blank\" rel=\"noopener noreferrer\">Als PDF herunterladen<\/a><\/p>\n<\/div><\/section>\n","protected":false},"excerpt":{"rendered":"","protected":false},"author":1,"featured_media":0,"parent":2033,"menu_order":20,"comment_status":"closed","ping_status":"closed","template":"","meta":{"footnotes":""},"class_list":["post-2041","page","type-page","status-publish","hentry"],"_links":{"self":[{"href":"https:\/\/feylamellenringe.com\/pl\/wp-json\/wp\/v2\/pages\/2041","targetHints":{"allow":["GET"]}}],"collection":[{"href":"https:\/\/feylamellenringe.com\/pl\/wp-json\/wp\/v2\/pages"}],"about":[{"href":"https:\/\/feylamellenringe.com\/pl\/wp-json\/wp\/v2\/types\/page"}],"author":[{"embeddable":true,"href":"https:\/\/feylamellenringe.com\/pl\/wp-json\/wp\/v2\/users\/1"}],"replies":[{"embeddable":true,"href":"https:\/\/feylamellenringe.com\/pl\/wp-json\/wp\/v2\/comments?post=2041"}],"version-history":[{"count":4,"href":"https:\/\/feylamellenringe.com\/pl\/wp-json\/wp\/v2\/pages\/2041\/revisions"}],"predecessor-version":[{"id":2269,"href":"https:\/\/feylamellenringe.com\/pl\/wp-json\/wp\/v2\/pages\/2041\/revisions\/2269"}],"up":[{"embeddable":true,"href":"https:\/\/feylamellenringe.com\/pl\/wp-json\/wp\/v2\/pages\/2033"}],"wp:attachment":[{"href":"https:\/\/feylamellenringe.com\/pl\/wp-json\/wp\/v2\/media?parent=2041"}],"curies":[{"name":"wp","href":"https:\/\/api.w.org\/{rel}","templated":true}]}}