{"id":2046,"date":"2017-09-11T16:28:00","date_gmt":"2017-09-11T14:28:00","guid":{"rendered":"http:\/\/feylamellenringe.com\/products\/doppel-lamellen-dichtungsringe\/"},"modified":"2020-06-16T12:22:08","modified_gmt":"2020-06-16T10:22:08","slug":"doppel-lamellen-dichtungsringe","status":"publish","type":"page","link":"https:\/\/feylamellenringe.com\/pl\/products\/doppel-lamellen-dichtungsringe\/","title":{"rendered":"Podw\u00f3jne warstwowe pier\u015bcienie uszczelniaj\u0105ce do otwor\u00f3w"},"content":{"rendered":"<div class=\"flex_column av_one_fourth  flex_column_div av-zero-column-padding first  \" style='border-radius:0px; '><section class=\"av_textblock_section \"  itemscope=\"itemscope\" itemtype=\"https:\/\/schema.org\/CreativeWork\" ><div class='avia_textblock  '   itemprop=\"text\" ><h4><strong>Podw\u00f3jne warstwowe piers<\/strong><strong>cienie uszczelniaj\u0105ce<br \/>\ndo otwor\u00f3w<\/strong><\/h4>\n<p><a href=\"http:\/\/feylamellenringe.com\/produkte\/doppel-lamellen-dichtungsringe\/fk6-asd\/\">FK6 ASD<\/a><br \/>\n<a href=\"http:\/\/feylamellenringe.com\/produkte\/doppel-lamellen-dichtungsringe\/fk6-askd\/\">FK6 ASKD<\/a><br \/>\n<a href=\"http:\/\/feylamellenringe.com\/produkte\/doppel-lamellen-dichtungsringe\/fk6-isd\/\">FK6 ISD<\/a><br \/>\n<a href=\"http:\/\/feylamellenringe.com\/produkte\/doppel-lamellen-dichtungsringe\/fk6-iskd\/\">FK6 ISKD<\/a><\/p>\n<\/div><\/section><\/div>\n","protected":false},"excerpt":{"rendered":"","protected":false},"author":1,"featured_media":0,"parent":1991,"menu_order":10,"comment_status":"closed","ping_status":"closed","template":"","meta":{"footnotes":""},"class_list":["post-2046","page","type-page","status-publish","hentry"],"_links":{"self":[{"href":"https:\/\/feylamellenringe.com\/pl\/wp-json\/wp\/v2\/pages\/2046","targetHints":{"allow":["GET"]}}],"collection":[{"href":"https:\/\/feylamellenringe.com\/pl\/wp-json\/wp\/v2\/pages"}],"about":[{"href":"https:\/\/feylamellenringe.com\/pl\/wp-json\/wp\/v2\/types\/page"}],"author":[{"embeddable":true,"href":"https:\/\/feylamellenringe.com\/pl\/wp-json\/wp\/v2\/users\/1"}],"replies":[{"embeddable":true,"href":"https:\/\/feylamellenringe.com\/pl\/wp-json\/wp\/v2\/comments?post=2046"}],"version-history":[{"count":6,"href":"https:\/\/feylamellenringe.com\/pl\/wp-json\/wp\/v2\/pages\/2046\/revisions"}],"predecessor-version":[{"id":2166,"href":"https:\/\/feylamellenringe.com\/pl\/wp-json\/wp\/v2\/pages\/2046\/revisions\/2166"}],"up":[{"embeddable":true,"href":"https:\/\/feylamellenringe.com\/pl\/wp-json\/wp\/v2\/pages\/1991"}],"wp:attachment":[{"href":"https:\/\/feylamellenringe.com\/pl\/wp-json\/wp\/v2\/media?parent=2046"}],"curies":[{"name":"wp","href":"https:\/\/api.w.org\/{rel}","templated":true}]}}