{"id":2050,"date":"2017-09-11T16:57:02","date_gmt":"2017-09-11T14:57:02","guid":{"rendered":"http:\/\/feylamellenringe.com\/products\/doppel-lamellen-dichtungsringe\/fk6-asd\/"},"modified":"2020-07-08T13:47:37","modified_gmt":"2020-07-08T11:47:37","slug":"fk6-asd","status":"publish","type":"page","link":"https:\/\/feylamellenringe.com\/pl\/products\/doppel-lamellen-dichtungsringe\/fk6-asd\/","title":{"rendered":"FK6 \u2013 ASD"},"content":{"rendered":"<section class=\"av_textblock_section \"  itemscope=\"itemscope\" itemtype=\"https:\/\/schema.org\/CreativeWork\" ><div class='avia_textblock  '   itemprop=\"text\" ><h2>FK 6 ASD<\/h2>\n<p><strong>FK 6 ASD Podw\u00f3jne warstwowe pier\u015bcienie uszczelniaj\u0105<\/strong><strong>ce<br \/>\ndo otwor\u00f3w<\/strong><\/p>\n<p><strong>Zastosowanie zewn\u0119<\/strong><strong>trznych podw\u00f3jnych pier\u015bcieni zaciskowych \u201eFK6 ASD&#8221; (2 pier\u015bcienie = 1 zestaw)<\/strong><br \/>\nW przeciwie\u0144stwie do jednozwojowych pier\u015bcieni warstwowych \u201eFK 3\u201d, pier\u015bcienie warstwowe \u201eFK6\u201d s\u0105 dwuzwojowe. Stosowane s\u0105 jako uszczelnienie olejowe w \u0142o\u017cyskach wa\u0142eczkowych i \u015blizgowych. Stosowane s\u0105 ponadto jako uszczelnienie zabezpieczaj\u0105ce znajduj\u0105ce si\u0119 przed hermetycznymi pakietami uszczelek. Pier\u015bcienie warstwowe \u201eFK 6\u201d musz\u0105 spe\u0142nia\u0107 specjalne wymogi dotycz\u0105ce nieprzepuszczalno\u015bci smaru oraz ochrony przed py\u0142em, brudem i wnikaniem wody. Pier\u015bcienie warstwowe \u201eFK 6\u201d zapewniaj\u0105 r\u00f3wnomierne napr\u0119\u017cenia boczne i \u2013 w przeciwie\u0142stwie do pier\u015bcieni \u201eFK 3\u201d \u2013 nie posiadaj\u0105 osiowej przerwy \u0142\u0105cz\u0105cej. Po\u0142\u0105czone zestawy pier\u015bcieni \u201eFK6 ASKD\u201d (dodatkowe uszczelnienie \u015brednicy podstawy rowka) polepszaj\u0105 efekt uszczelniaj\u0105cy ze wzgl\u0105du na zwi\u0119kszony efekt labiryntowy.<\/p>\n<p>Zestawy &#8222;FK6 ASD&#8221; i &#8222;FK6 ASKD&#8221; s\u0105 zwykle zalecane zamiast zestaw\u00f3w \u201eFK6 ISD\u201d i \u201eFK6 ISKD\u201d ze wzgl\u0105du na ich \u0142atwiejszy monta\u017c\u0105 w rowkach. W zale\u017cno\u015bci od zastosowania lub wymaga\u0142 technicznych, pier\u015bcienie no\u017cne mog\u0105 by\u0107 wytwarzane ze stali, \u017celiwa, stop\u00f3w lekkich lub tworzyw sztucznych.<\/p>\n<\/div><\/section>\n<section class=\"av_textblock_section \"  itemscope=\"itemscope\" itemtype=\"https:\/\/schema.org\/CreativeWork\" ><div class='avia_textblock  '   itemprop=\"text\" ><p><img loading=\"lazy\" decoding=\"async\" class=\"alignnone size-full wp-image-1950\" src=\"http:\/\/feylamellenringe.com\/wp-content\/uploads\/2020\/01\/fk6_asd.jpg\" alt=\"\" width=\"720\" height=\"568\" srcset=\"https:\/\/feylamellenringe.com\/wp-content\/uploads\/2020\/01\/fk6_asd.jpg 720w, https:\/\/feylamellenringe.com\/wp-content\/uploads\/2020\/01\/fk6_asd-300x237.jpg 300w, https:\/\/feylamellenringe.com\/wp-content\/uploads\/2020\/01\/fk6_asd-705x556.jpg 705w, https:\/\/feylamellenringe.com\/wp-content\/uploads\/2020\/01\/fk6_asd-450x355.jpg 450w\" sizes=\"auto, (max-width: 720px) 100vw, 720px\" \/><\/p>\n<\/div><\/section>\n<section class=\"av_textblock_section \"  itemscope=\"itemscope\" itemtype=\"https:\/\/schema.org\/CreativeWork\" ><div class='avia_textblock  '   itemprop=\"text\" ><p><strong>Luz osiowy i\/lub poprzeczny 3)<\/strong><br \/>\nSzeroko\u015b\u0107 rowka \u201eA\u201d musi by\u0107 powi\u0119kszona o podwojon\u0105 warto\u015b\u0107 luzu, je\u017celi ten wyst\u0119puje w obszarze pier\u015bcieni. \u015brednica podstawy rowka \u201eD2&#8243; musi by\u0107 pomniejszona o warto\u015b\u0107 luzu poprzecznego, je\u017celi ten wyst\u0119puje. Nieprzestrzeganie powy\u017cszych wytycznych prowadzi do zniszczenia pier\u015bcieni i otaczaj\u0105cych ich element\u00f3w. Zaleca si\u0119 stosowanie pe\u0142nych tolerowanych szeroko\u015bci rowka, zw\u0142aszcza w przypadku wyst\u0119powania rozszerzalno\u0119ci cieplnej.<\/p>\n<p><strong>Instrukcje monta\u017cu:<\/strong><br \/>\nPatrz strony 38 i 39.<\/p>\n<p><strong>Zam\u00f3wienia 4):<\/strong><br \/>\nW zapytaniach i\/lub zam\u00f3wieniach \u015brednica pier\u015bcienia musi odpowiada\u0107 wymiarom obudowy lub \u015brednicy wa\u0142ka \u201eD1\u201d. Pier\u015bcienie mo\u017cna zamawia\u0107 pojedynczo lub w pakietach (1 pakiet = 2 pier\u015bcienie ASD).<\/p>\n<p><strong>Testy robocze:<\/strong><br \/>\nPrzed rozpocz\u0119ciem produkcji powtarzalnej naszych pier\u015bcieni warstwowych, w ka\u017cdym przypadku musz\u0119 zosta\u0107 przeprowadzone testy monta\u017cu oraz dzia\u0142ania w warunkach eksploatacyjnych, aby ustali\u0107 czy po\u017c\u0105dany efekt uszczelniaj\u0105cy jest mo\u017cliwy do osi\u0105gni\u0119cia.<\/p>\n<p><img loading=\"lazy\" decoding=\"async\" class=\"alignnone size-full wp-image-1951\" src=\"http:\/\/feylamellenringe.com\/wp-content\/uploads\/2020\/01\/fk6_asd2.jpg\" alt=\"\" width=\"731\" height=\"999\" srcset=\"https:\/\/feylamellenringe.com\/wp-content\/uploads\/2020\/01\/fk6_asd2.jpg 731w, https:\/\/feylamellenringe.com\/wp-content\/uploads\/2020\/01\/fk6_asd2-220x300.jpg 220w, https:\/\/feylamellenringe.com\/wp-content\/uploads\/2020\/01\/fk6_asd2-516x705.jpg 516w, https:\/\/feylamellenringe.com\/wp-content\/uploads\/2020\/01\/fk6_asd2-450x615.jpg 450w\" sizes=\"auto, (max-width: 731px) 100vw, 731px\" \/><\/p>\n<\/div><\/section>\n<section class=\"av_textblock_section \"  itemscope=\"itemscope\" itemtype=\"https:\/\/schema.org\/CreativeWork\" ><div class='avia_textblock  '   itemprop=\"text\" ><p><strong>Achtung:<\/strong>\u00a0Bitte beachten Sie die Hinweise auf den Seiten Allgemeines,\u00a0<a href=\"http:\/\/www.feylamellenringe.com\/de\/konstruktion.php\">Konstruktions<\/a>&#8211; und Montagehinweise, Befettung und im\u00a0<a href=\"http:\/\/www.feylamellenringe.com\/de\/technischer-fragebogen.php\">technischen Fragebogen<\/a>.<\/p>\n<\/div><\/section>\n","protected":false},"excerpt":{"rendered":"","protected":false},"author":1,"featured_media":0,"parent":2046,"menu_order":21,"comment_status":"closed","ping_status":"closed","template":"","meta":{"footnotes":""},"class_list":["post-2050","page","type-page","status-publish","hentry"],"_links":{"self":[{"href":"https:\/\/feylamellenringe.com\/pl\/wp-json\/wp\/v2\/pages\/2050","targetHints":{"allow":["GET"]}}],"collection":[{"href":"https:\/\/feylamellenringe.com\/pl\/wp-json\/wp\/v2\/pages"}],"about":[{"href":"https:\/\/feylamellenringe.com\/pl\/wp-json\/wp\/v2\/types\/page"}],"author":[{"embeddable":true,"href":"https:\/\/feylamellenringe.com\/pl\/wp-json\/wp\/v2\/users\/1"}],"replies":[{"embeddable":true,"href":"https:\/\/feylamellenringe.com\/pl\/wp-json\/wp\/v2\/comments?post=2050"}],"version-history":[{"count":3,"href":"https:\/\/feylamellenringe.com\/pl\/wp-json\/wp\/v2\/pages\/2050\/revisions"}],"predecessor-version":[{"id":2282,"href":"https:\/\/feylamellenringe.com\/pl\/wp-json\/wp\/v2\/pages\/2050\/revisions\/2282"}],"up":[{"embeddable":true,"href":"https:\/\/feylamellenringe.com\/pl\/wp-json\/wp\/v2\/pages\/2046"}],"wp:attachment":[{"href":"https:\/\/feylamellenringe.com\/pl\/wp-json\/wp\/v2\/media?parent=2050"}],"curies":[{"name":"wp","href":"https:\/\/api.w.org\/{rel}","templated":true}]}}