{"id":2062,"date":"2017-09-11T16:58:19","date_gmt":"2017-09-11T14:58:19","guid":{"rendered":"http:\/\/feylamellenringe.com\/products\/doppel-lamellen-dichtungsringe\/fk6-iskd\/"},"modified":"2020-07-14T10:58:31","modified_gmt":"2020-07-14T08:58:31","slug":"fk6-iskd","status":"publish","type":"page","link":"https:\/\/feylamellenringe.com\/pl\/products\/doppel-lamellen-dichtungsringe\/fk6-iskd\/","title":{"rendered":"FK6 \u2013 ISKD"},"content":{"rendered":"<section class=\"av_textblock_section \"  itemscope=\"itemscope\" itemtype=\"https:\/\/schema.org\/CreativeWork\" ><div class='avia_textblock  '   itemprop=\"text\" ><h1>FK6\u2013ISKD<\/h1>\n<p><strong>FK 6 ISKD Po\u0142\u0105czone podw\u00f3jne warstwowe pier\u015bcienie uszczelniaj\u0105ce do <\/strong>wa\u0142k\u00f3w<\/p>\n<p><strong>Zastosowanie po\u0142\u0105czonych zewn\u0119trznych podw\u00f3jnych pier\u015bcieni zaciskowych \u201eFK6 ISKD&#8221; (3 pier\u015bcienie = 1 pakiet)<br \/>\n<\/strong>Dwuzwojowe warstwowe pier\u015bcienie uszczelniaj\u0105ce \u201eFK6 ISKD\u201d s\u0105 stosowane jako uszczelnienia olejowe w \u0142o\u017cyskach wa\u0142eczkowych i \u015blizgowych. Pier\u015bcienie te, gdy s\u0105 naoliwione, chroni\u0119 przed dost\u0119pem brudu i wilgoci z otoczenia, a tak\u017ce przed wyciekiem oleju. Szczeg\u00f3lnie zalecane w przypadku wysokich wymaga\u0107 odno\u015bnie uszczelnieni\u0105. Ze wzgl\u0119du na zwi\u0119kszony efekt labiryntowy nast\u0119puje optymalizacja efektu uszczelniaj\u0105cego poprzez dodatkowe uszczelnienie \u015brednicy podstawy rowka.<\/p>\n<p><strong>Zestawy &#8222;FK6 ASD&#8221; i &#8222;FK6 ASKD&#8221; s\u0105\u00a0zwykle zalecane zamiast zestaw\u00f3w \u201eFK6 ISD\u201d i \u201eFK6 ISKD\u201d <\/strong>ze wzgl\u0119du na ich \u0142atwiejszy monta\u017c w rowkach. W zale\u017cno\u015bci od zastosowania lub wymaga<span lang=\"pl\">\u0107\u00a0<\/span>technicznych, pier\u015bcienie no\u015bne mog\u0105 by\u0107 wytwarzane ze stali, \u017celiwa, stop\u00f3w lekkich lub tworzyw sztucznych.<\/p>\n<p><img loading=\"lazy\" decoding=\"async\" class=\"alignnone size-full wp-image-1957\" src=\"http:\/\/feylamellenringe.com\/wp-content\/uploads\/2020\/01\/fk6_iskd.jpg\" alt=\"\" width=\"720\" height=\"568\" srcset=\"https:\/\/feylamellenringe.com\/wp-content\/uploads\/2020\/01\/fk6_iskd.jpg 720w, https:\/\/feylamellenringe.com\/wp-content\/uploads\/2020\/01\/fk6_iskd-300x237.jpg 300w, https:\/\/feylamellenringe.com\/wp-content\/uploads\/2020\/01\/fk6_iskd-705x556.jpg 705w, https:\/\/feylamellenringe.com\/wp-content\/uploads\/2020\/01\/fk6_iskd-450x355.jpg 450w\" sizes=\"auto, (max-width: 720px) 100vw, 720px\" \/><\/p>\n<\/div><\/section>\n<section class=\"av_textblock_section \"  itemscope=\"itemscope\" itemtype=\"https:\/\/schema.org\/CreativeWork\" ><div class='avia_textblock  '   itemprop=\"text\" ><p><strong>Luz osiowy i\/lub poprzeczny 3)<\/strong><br \/>\nSzeroko\u015b\u0107 rowka \u201eA\u201d musi by\u0107 powi\u0119kszona o podwojon\u0105 warto\u015b\u0107 luzu, je\u017celi ten wyst\u0119puje w obszarze pier\u015bcieni. \u015brednica podstawy rowka \u201eD2&#8243; musi by\u0107 pomniejszona o warto\u015b\u0107 luzu poprzecznego, je\u017celi ten wyst\u0119puje. Nieprzestrzeganie powy\u017cszych wytycznych prowadzi do zniszczenia pier\u015bcieni i otaczaj\u0105cych ich element\u00f3w. Zaleca si\u0119 stosowanie pe\u0142nych tolerowanych szeroko\u015bci rowka, zw\u0142aszcza w przypadku wyst\u0119powania rozszerzalno\u0119ci cieplnej.<\/p>\n<p><strong>Instrukcje monta\u017cu:<\/strong><br \/>\nPatrz strony 38 i 39.<\/p>\n<p><strong>Zam\u00f3wienia 4):<\/strong><br \/>\nW zapytaniach i\/lub zam\u00f3wieniach \u015brednica pier\u015bcienia musi odpowiada\u0107 wymiarom obudowy lub \u015brednicy wa\u0142ka \u201eD1\u201d. Pier\u015bcienie mo\u017cna zamawia\u0107 pojedynczo lub w pakietach (1 pakiet = 2 pier\u015bcienie ISD + 1 pier\u015bcie\u0144 ASD).<\/p>\n<p><strong>Testy robocze:<\/strong><br \/>\nPrzed rozpocz\u0119ciem produkcji powtarzalnej naszych pier\u015bcieni warstwowych, w ka\u017cdym przypadku musz\u0119 zosta\u0107 przeprowadzone testy monta\u017cu oraz dzia\u0142ania w warunkach eksploatacyjnych, aby ustali\u0107 czy po\u017c\u0105dany efekt uszczelniaj\u0105cy jest mo\u017cliwy do osi\u0105gni\u0119cia.<\/p>\n<\/div><\/section>\n<section class=\"av_textblock_section \"  itemscope=\"itemscope\" itemtype=\"https:\/\/schema.org\/CreativeWork\" ><div class='avia_textblock  '   itemprop=\"text\" ><p><img loading=\"lazy\" decoding=\"async\" class=\"alignnone size-full wp-image-2064\" src=\"http:\/\/feylamellenringe.com\/wp-content\/uploads\/2020\/01\/fk6_iskd2-1.jpg\" alt=\"\" width=\"760\" height=\"1000\" srcset=\"https:\/\/feylamellenringe.com\/wp-content\/uploads\/2020\/01\/fk6_iskd2-1.jpg 760w, https:\/\/feylamellenringe.com\/wp-content\/uploads\/2020\/01\/fk6_iskd2-1-228x300.jpg 228w, https:\/\/feylamellenringe.com\/wp-content\/uploads\/2020\/01\/fk6_iskd2-1-536x705.jpg 536w, https:\/\/feylamellenringe.com\/wp-content\/uploads\/2020\/01\/fk6_iskd2-1-450x592.jpg 450w\" sizes=\"auto, (max-width: 760px) 100vw, 760px\" \/><\/p>\n<\/div><\/section>\n<section class=\"av_textblock_section \"  itemscope=\"itemscope\" itemtype=\"https:\/\/schema.org\/CreativeWork\" ><div class='avia_textblock  '   itemprop=\"text\" ><p><strong>Achtung:<\/strong>\u00a0Bitte beachten Sie die Hinweise auf den Seiten Allgemeines,\u00a0<a href=\"http:\/\/www.feylamellenringe.com\/de\/konstruktion.php\">Konstruktions<\/a>&#8211; und Montagehinweise, Befettung und im\u00a0<a href=\"http:\/\/www.feylamellenringe.com\/de\/technischer-fragebogen.php\">technischen Fragebogen<\/a>.<\/p>\n<p><a class=\"pdf\" title=\"Als PDF herunterladen\" href=\"http:\/\/www.feylamellenringe.com\/upload\/6772789-fk6-iskd.pdf\" target=\"_blank\" rel=\"noopener noreferrer\">Als PDF herunterladen<\/a><\/p>\n<\/div><\/section>\n","protected":false},"excerpt":{"rendered":"","protected":false},"author":1,"featured_media":0,"parent":2046,"menu_order":24,"comment_status":"closed","ping_status":"closed","template":"","meta":{"footnotes":""},"class_list":["post-2062","page","type-page","status-publish","hentry"],"_links":{"self":[{"href":"https:\/\/feylamellenringe.com\/pl\/wp-json\/wp\/v2\/pages\/2062","targetHints":{"allow":["GET"]}}],"collection":[{"href":"https:\/\/feylamellenringe.com\/pl\/wp-json\/wp\/v2\/pages"}],"about":[{"href":"https:\/\/feylamellenringe.com\/pl\/wp-json\/wp\/v2\/types\/page"}],"author":[{"embeddable":true,"href":"https:\/\/feylamellenringe.com\/pl\/wp-json\/wp\/v2\/users\/1"}],"replies":[{"embeddable":true,"href":"https:\/\/feylamellenringe.com\/pl\/wp-json\/wp\/v2\/comments?post=2062"}],"version-history":[{"count":4,"href":"https:\/\/feylamellenringe.com\/pl\/wp-json\/wp\/v2\/pages\/2062\/revisions"}],"predecessor-version":[{"id":2284,"href":"https:\/\/feylamellenringe.com\/pl\/wp-json\/wp\/v2\/pages\/2062\/revisions\/2284"}],"up":[{"embeddable":true,"href":"https:\/\/feylamellenringe.com\/pl\/wp-json\/wp\/v2\/pages\/2046"}],"wp:attachment":[{"href":"https:\/\/feylamellenringe.com\/pl\/wp-json\/wp\/v2\/media?parent=2062"}],"curies":[{"name":"wp","href":"https:\/\/api.w.org\/{rel}","templated":true}]}}