{"id":2071,"date":"2017-09-11T16:28:00","date_gmt":"2017-09-11T14:28:00","guid":{"rendered":"http:\/\/feylamellenringe.com\/products\/einfach-lamellen-sicherungsringe\/"},"modified":"2020-06-16T12:26:12","modified_gmt":"2020-06-16T10:26:12","slug":"einfach-lamellen-sicherungsringe","status":"publish","type":"page","link":"https:\/\/feylamellenringe.com\/pl\/products\/einfach-lamellen-sicherungsringe\/","title":{"rendered":"Pojedyncze pier\u015bcieniowe pier\u015bcienie zabezpieczaj\u0105ce"},"content":{"rendered":"<div class=\"flex_column av_one_half  flex_column_div av-zero-column-padding first  \" style='border-radius:0px; '><section class=\"av_textblock_section \"  itemscope=\"itemscope\" itemtype=\"https:\/\/schema.org\/CreativeWork\" ><div class='avia_textblock  '   itemprop=\"text\" ><p id=\"tw-target-text\" class=\"tw-data-text tw-text-large XcVN5d tw-ta\" dir=\"ltr\" data-placeholder=\"\u00dcbersetzung\"><a href=\"http:\/\/feylamellenringe.com\/pl\/products\/einfach-lamellen-sicherungsringe\/k7-esb\/\"><strong><span lang=\"pl\">Pojedyncze pier\u015bcieniowe pier\u015bcienie zabezpieczaj\u0105ce<\/span><\/strong><\/a><\/p>\n<p><a href=\"http:\/\/feylamellenringe.com\/produkte\/einfach-lamellen-sicherungsringe\/k7-esb\/\">FK7 ESB<\/a><br \/>\n<a href=\"http:\/\/feylamellenringe.com\/produkte\/einfach-lamellen-sicherungsringe\/k7-esw\/\">FK7 ESW<\/a><\/p>\n<\/div><\/section><\/div>\n","protected":false},"excerpt":{"rendered":"","protected":false},"author":1,"featured_media":0,"parent":1991,"menu_order":11,"comment_status":"closed","ping_status":"closed","template":"","meta":{"footnotes":""},"class_list":["post-2071","page","type-page","status-publish","hentry"],"_links":{"self":[{"href":"https:\/\/feylamellenringe.com\/pl\/wp-json\/wp\/v2\/pages\/2071","targetHints":{"allow":["GET"]}}],"collection":[{"href":"https:\/\/feylamellenringe.com\/pl\/wp-json\/wp\/v2\/pages"}],"about":[{"href":"https:\/\/feylamellenringe.com\/pl\/wp-json\/wp\/v2\/types\/page"}],"author":[{"embeddable":true,"href":"https:\/\/feylamellenringe.com\/pl\/wp-json\/wp\/v2\/users\/1"}],"replies":[{"embeddable":true,"href":"https:\/\/feylamellenringe.com\/pl\/wp-json\/wp\/v2\/comments?post=2071"}],"version-history":[{"count":4,"href":"https:\/\/feylamellenringe.com\/pl\/wp-json\/wp\/v2\/pages\/2071\/revisions"}],"predecessor-version":[{"id":2288,"href":"https:\/\/feylamellenringe.com\/pl\/wp-json\/wp\/v2\/pages\/2071\/revisions\/2288"}],"up":[{"embeddable":true,"href":"https:\/\/feylamellenringe.com\/pl\/wp-json\/wp\/v2\/pages\/1991"}],"wp:attachment":[{"href":"https:\/\/feylamellenringe.com\/pl\/wp-json\/wp\/v2\/media?parent=2071"}],"curies":[{"name":"wp","href":"https:\/\/api.w.org\/{rel}","templated":true}]}}