{"id":2094,"date":"2017-09-11T16:58:19","date_gmt":"2017-09-11T14:58:19","guid":{"rendered":"http:\/\/feylamellenringe.com\/fk7-dsw\/"},"modified":"2020-07-14T13:02:35","modified_gmt":"2020-07-14T11:02:35","slug":"fk7-dsw","status":"publish","type":"page","link":"https:\/\/feylamellenringe.com\/pl\/products\/doppel-lamellen-sicherungsringe\/fk7-dsw\/","title":{"rendered":"FK7 \u2013 DSW"},"content":{"rendered":"<section class=\"av_textblock_section \"  itemscope=\"itemscope\" itemtype=\"https:\/\/schema.org\/CreativeWork\" ><div class='avia_textblock  '   itemprop=\"text\" ><h1>FK7 \u2013 DSW<\/h1>\n<p><strong>FK 7 DSW Podw\u00f3jne warstwowe pier\u015bcienie ustalaj\u0105ce do wa\u0142k\u00f3w<\/strong><\/p>\n<p><strong>Zastosowanie pojedynczych pier\u015bcieni ustalaj\u0105cych do otwor\u00f3w <\/strong><strong>\u201eFK7 DSW\u201d.<\/strong><br \/>\nDwuzwojowe warstwowe pier\u015bcienie ustalaj\u0105ce \u201eFK7 DSW\u201d do wa\u0142k\u00f3w\u00a0 s\u0105 warto\u015bciowym dodatkiem do jednozwojowych warstwowych pier\u015bcieni ustalaj\u0105cych &#8222;FK7 DSW&#8221;.<br \/>\nNa zakres zastosowa\u0107 dwuzwojowych warstwowych pier\u015bcieni ustalaj\u0105cych \u201eFK7 DSW&#8221; do wa\u0142k\u00f3w sk\u0142adaj\u0105 si\u0119 zastosowania, w kt\u00f3rych elementy musz\u0105 by\u0107 ustalone osiowo, np. uk\u0142ady przenosz\u0105ce, sprz\u0119t budowlany, maszyny rolnicze, elementy z\u0142\u0105czne w przemy\u015ble samochodowym i in\u017cynierii mechanicznej, w \u0142o\u017cyskach wa\u0142eczkowych i \u015blizgowych, w przemy\u015ble stoczniowym i lotniczym, wyci\u0105gach, ko\u0142ach pasowych itd.<\/p>\n<p><strong>Zalety dwuzwojowych warstwowych pier\u015bcieni ustalaj\u0105<\/strong><strong>cych:<\/strong><br \/>\n\u2022 Okr\u0105g\u0142o\u0142\u0105 zamkni\u0119tego zwoju w zakresie 360\u00b0 gwarantuje ci\u0105g\u0142y styk z podstaw\u0105 rowka oraz pe\u0142n\u0105 obwodow\u0105 szczelno\u015b\u0107.<br \/>\n\u2022 Sta\u0142a dynamiczna masa podczas obrotu<br \/>\n\u2022 Wy\u017csza odbojno\u015b\u0107 w por\u00f3wnaniu z jednozwojowymi warstwowymi pier\u015bcieniami ustalaj\u0105cymi &#8222;FK7<\/p>\n<\/div><\/section>\n<div class=\"flex_column av_one_full  flex_column_div av-zero-column-padding first  \" style='border-radius:0px; '><p><section class=\"av_textblock_section \"  itemscope=\"itemscope\" itemtype=\"https:\/\/schema.org\/CreativeWork\" ><div class='avia_textblock  '   itemprop=\"text\" ><p><img loading=\"lazy\" decoding=\"async\" class=\"alignnone size-full wp-image-2097\" src=\"http:\/\/feylamellenringe.com\/wp-content\/uploads\/2020\/02\/fk7_dsw.jpg\" alt=\"\" width=\"720\" height=\"568\" srcset=\"https:\/\/feylamellenringe.com\/wp-content\/uploads\/2020\/02\/fk7_dsw.jpg 720w, https:\/\/feylamellenringe.com\/wp-content\/uploads\/2020\/02\/fk7_dsw-300x237.jpg 300w, https:\/\/feylamellenringe.com\/wp-content\/uploads\/2020\/02\/fk7_dsw-705x556.jpg 705w, https:\/\/feylamellenringe.com\/wp-content\/uploads\/2020\/02\/fk7_dsw-450x355.jpg 450w\" sizes=\"auto, (max-width: 720px) 100vw, 720px\" \/><section class=\"av_textblock_section \"  itemscope=\"itemscope\" itemtype=\"https:\/\/schema.org\/CreativeWork\" ><div class='avia_textblock  '   itemprop=\"text\" ><\/div><\/section><\/p>\n<p><strong>Napr\u0119\u017cenie osiowe 3):<\/strong><br \/>\nNale\u017cy przeprowadzi\u0107 pr\u00f3b\u0105 \u015bcinania w warunkach pracy, aby okre\u015bli\u0107 zdolno\u015b\u0107 pier\u015bcieni ustalaj\u0105cych do \u015bcinania osiowego. Nie mo\u017cna zagwarantowa\u0107 pewnej pozycji pier\u015bcieni ustalaj\u0105cych w rowku w przypadku gdy otaczaj\u0105ce elementy naciskaj\u0105 w niekontrolowany spos\u00f3b na pier\u015bcienie warstwowe podczas pracy (efekt \u0142\u0105cz\u0105cy) lub gdy elementy znacznie wibruj\u0105.<\/p>\n<p><strong>Instrukcje monta\u017cu:<\/strong><br \/>\nPatrz strony 38 i 39.<\/p>\n<p><strong>Zam\u00f3wienia 4):<\/strong><br \/>\nW zapytaniach i\/lub zam\u00f3wieniach \u015brednica pier\u015bcienia musi odpowiada\u0107 wymiarom \u015brednicy otworu \u201eD1\u201d.<\/p>\n<p><strong>Testy robocze:<\/strong><br \/>\nPrzed rozpocz\u0119ciem produkcji powtarzalnej naszych pier\u015bcieni warstwowych, w ka\u017cdym przypadku musz\u0119 zosta\u0107 przeprowadzone testy monta\u017cu oraz dzia\u0142ania w warunkach eksploatacyjnych, aby ustali\u015b czy pier\u015bcienie ustalaj\u0105ce s\u0105 w stanie wytrzyma\u0142 wymagane napr\u0105\u017cenia.<\/p>\n<\/div><\/section><br \/>\n<section class=\"av_textblock_section \"  itemscope=\"itemscope\" itemtype=\"https:\/\/schema.org\/CreativeWork\" ><div class='avia_textblock  '   itemprop=\"text\" ><p><img loading=\"lazy\" decoding=\"async\" class=\"alignnone size-full wp-image-2096\" src=\"http:\/\/feylamellenringe.com\/wp-content\/uploads\/2020\/02\/fk7_dsw2.jpg\" alt=\"\" width=\"760\" height=\"888\" srcset=\"https:\/\/feylamellenringe.com\/wp-content\/uploads\/2020\/02\/fk7_dsw2.jpg 760w, https:\/\/feylamellenringe.com\/wp-content\/uploads\/2020\/02\/fk7_dsw2-257x300.jpg 257w, https:\/\/feylamellenringe.com\/wp-content\/uploads\/2020\/02\/fk7_dsw2-603x705.jpg 603w, https:\/\/feylamellenringe.com\/wp-content\/uploads\/2020\/02\/fk7_dsw2-450x526.jpg 450w\" sizes=\"auto, (max-width: 760px) 100vw, 760px\" \/><\/p>\n<\/div><\/section><\/p><\/div><div class=\"flex_column av_one_full  flex_column_div av-zero-column-padding first  \" style='border-radius:0px; '><section class=\"av_textblock_section \"  itemscope=\"itemscope\" itemtype=\"https:\/\/schema.org\/CreativeWork\" ><div class='avia_textblock  '   itemprop=\"text\" ><p><strong>Achtung:<\/strong>\u00a0Bitte beachten Sie die Hinweise auf den Seiten Allgemeines,\u00a0<a href=\"http:\/\/www.feylamellenringe.com\/de\/konstruktion.php\">Konstruktions<\/a>&#8211; und Montagehinweise, Befettung und im\u00a0<a href=\"http:\/\/www.feylamellenringe.com\/de\/technischer-fragebogen.php\">technischen Fragebogen<\/a>.<\/p>\n<p><a class=\"pdf\" title=\"Als PDF herunterladen\" href=\"http:\/\/www.feylamellenringe.com\/upload\/6773338-fk7-dsw.pdf\" target=\"_blank\" rel=\"noopener noreferrer\">Als PDF herunterladen<\/a><\/p>\n<\/div><\/section><\/div><\/p>\n","protected":false},"excerpt":{"rendered":"","protected":false},"author":1,"featured_media":0,"parent":2172,"menu_order":28,"comment_status":"closed","ping_status":"closed","template":"","meta":{"footnotes":""},"class_list":["post-2094","page","type-page","status-publish","hentry"],"_links":{"self":[{"href":"https:\/\/feylamellenringe.com\/pl\/wp-json\/wp\/v2\/pages\/2094","targetHints":{"allow":["GET"]}}],"collection":[{"href":"https:\/\/feylamellenringe.com\/pl\/wp-json\/wp\/v2\/pages"}],"about":[{"href":"https:\/\/feylamellenringe.com\/pl\/wp-json\/wp\/v2\/types\/page"}],"author":[{"embeddable":true,"href":"https:\/\/feylamellenringe.com\/pl\/wp-json\/wp\/v2\/users\/1"}],"replies":[{"embeddable":true,"href":"https:\/\/feylamellenringe.com\/pl\/wp-json\/wp\/v2\/comments?post=2094"}],"version-history":[{"count":4,"href":"https:\/\/feylamellenringe.com\/pl\/wp-json\/wp\/v2\/pages\/2094\/revisions"}],"predecessor-version":[{"id":2320,"href":"https:\/\/feylamellenringe.com\/pl\/wp-json\/wp\/v2\/pages\/2094\/revisions\/2320"}],"up":[{"embeddable":true,"href":"https:\/\/feylamellenringe.com\/pl\/wp-json\/wp\/v2\/pages\/2172"}],"wp:attachment":[{"href":"https:\/\/feylamellenringe.com\/pl\/wp-json\/wp\/v2\/media?parent=2094"}],"curies":[{"name":"wp","href":"https:\/\/api.w.org\/{rel}","templated":true}]}}