{"id":2101,"date":"2017-09-11T16:58:19","date_gmt":"2017-09-11T14:58:19","guid":{"rendered":"http:\/\/feylamellenringe.com\/fk7-dms\/"},"modified":"2020-07-14T13:29:13","modified_gmt":"2020-07-14T11:29:13","slug":"fk7-dms","status":"publish","type":"page","link":"https:\/\/feylamellenringe.com\/pl\/products\/doppel-lamellen-sicherungsringe\/fk7-dms\/","title":{"rendered":"FK7 \u2013 DMS"},"content":{"rendered":"<div class=\"flex_column av_one_full  flex_column_div av-zero-column-padding first  \" style='border-radius:0px; '><section class=\"av_textblock_section \"  itemscope=\"itemscope\" itemtype=\"https:\/\/schema.org\/CreativeWork\" ><div class='avia_textblock  '   itemprop=\"text\" ><h1>FK7 \u2013 DMS<\/h1>\n<p><strong>FK 7 DMS Podw\u00f3jne warstwowe pier\u015bcienie ustalaj\u0105ce do wa\u0142k\u00f3w (z ochron\u0105 przeciw sile od\u015brodkowej)<\/strong><\/p>\n<p><strong>Zastosowanie podw\u00f3jnych pier\u015bcieni ustalaj\u0105<\/strong><strong>cych do wa\u0142k\u00f3w z ochron\u0105 przeciw sile od\u015brodkowej \u201eFK7 DMS\u201d<\/strong><br \/>\nPodw\u00f3jne warstwowe pier\u015bcienie ustalaj\u0105ce \u201eFK7 DMS\u201d z ochron\u0105 przeciw sile od\u015brodkowej stosuje si\u0119 przy pr\u0119dko\u015bciach obrotowych, kt\u00f3re nie mog\u0105 zosta\u0107 osi\u0105gni\u0119te przez pier\u015bcienie ustalaj\u0105ce \u201eFK7 DSW\u201d.<\/p>\n<p><strong>Zakres \u015brednic dla pier\u015bcieni DMS:<\/strong><br \/>\n\u00d8 45 mm do \u00d8 310 mm.<\/p>\n<\/div><\/section><\/div><div class=\"flex_column av_one_full  flex_column_div av-zero-column-padding first  \" style='border-radius:0px; '><section class=\"av_textblock_section \"  itemscope=\"itemscope\" itemtype=\"https:\/\/schema.org\/CreativeWork\" ><div class='avia_textblock  '   itemprop=\"text\" ><p><img loading=\"lazy\" decoding=\"async\" class=\"alignnone size-full wp-image-2104\" src=\"http:\/\/feylamellenringe.com\/wp-content\/uploads\/2020\/02\/fk7_dms.jpg\" alt=\"\" width=\"720\" height=\"568\" srcset=\"https:\/\/feylamellenringe.com\/wp-content\/uploads\/2020\/02\/fk7_dms.jpg 720w, https:\/\/feylamellenringe.com\/wp-content\/uploads\/2020\/02\/fk7_dms-300x237.jpg 300w, https:\/\/feylamellenringe.com\/wp-content\/uploads\/2020\/02\/fk7_dms-705x556.jpg 705w, https:\/\/feylamellenringe.com\/wp-content\/uploads\/2020\/02\/fk7_dms-450x355.jpg 450w\" sizes=\"auto, (max-width: 720px) 100vw, 720px\" \/><\/p>\n<\/div><\/section><\/div><\/p>\n<div class=\"flex_column av_one_full  flex_column_div av-zero-column-padding first  \" style='border-radius:0px; '><section class=\"av_textblock_section \"  itemscope=\"itemscope\" itemtype=\"https:\/\/schema.org\/CreativeWork\" ><div class='avia_textblock  '   itemprop=\"text\" ><p><strong>Napr\u0119\u017cenie osiowe 3):<\/strong><br \/>\nNale\u017cy przeprowadzi\u0107 pr\u00f3b\u0105 \u015bcinania w warunkach pracy, aby okre\u015bli\u0107 zdolno\u015b\u0107 pier\u015bcieni ustalaj\u0105cych do \u015bcinania osiowego. Nie mo\u017cna zagwarantowa\u0107 pewnej pozycji pier\u015bcieni ustalaj\u0105cych w rowku w przypadku gdy otaczaj\u0105ce elementy naciskaj\u0105 w niekontrolowany spos\u00f3b na pier\u015bcienie warstwowe podczas pracy (efekt \u0142\u0105cz\u0105cy) lub gdy elementy znacznie wibruj\u0105.<\/p>\n<p><strong>Instrukcje monta\u017cu:<\/strong><br \/>\nPatrz strony 38 i 39.<\/p>\n<p><strong>Zam\u00f3wienia 4):<\/strong><br \/>\nW zapytaniach i\/lub zam\u00f3wieniach \u015brednica pier\u015bcienia musi odpowiada\u0107 wymiarom \u015brednicy wa\u0142ka \u201eD1\u201d.<\/p>\n<p><strong>Testy robocze:<\/strong><br \/>\nPrzed rozpocz\u0119ciem produkcji powtarzalnej naszych pier\u015bcieni warstwowych, w ka\u017cdym przypadku musz\u0119 zosta\u0107 przeprowadzone testy monta\u017cu oraz dzia\u0142ania w warunkach eksploatacyjnych, aby ustali\u015b czy pier\u015bcienie ustalaj\u0105ce s\u0105 w stanie wytrzyma\u0142 wymagane napr\u0105\u017cenia.<\/p>\n<\/div><\/section><\/div><div class=\"flex_column av_one_full  flex_column_div av-zero-column-padding first  \" style='border-radius:0px; '><section class=\"av_textblock_section \"  itemscope=\"itemscope\" itemtype=\"https:\/\/schema.org\/CreativeWork\" ><div class='avia_textblock  '   itemprop=\"text\" ><p><img loading=\"lazy\" decoding=\"async\" class=\"alignnone size-full wp-image-2103\" src=\"http:\/\/feylamellenringe.com\/wp-content\/uploads\/2020\/02\/fk7_dms2.jpg\" alt=\"\" width=\"733\" height=\"596\" srcset=\"https:\/\/feylamellenringe.com\/wp-content\/uploads\/2020\/02\/fk7_dms2.jpg 733w, https:\/\/feylamellenringe.com\/wp-content\/uploads\/2020\/02\/fk7_dms2-300x244.jpg 300w, https:\/\/feylamellenringe.com\/wp-content\/uploads\/2020\/02\/fk7_dms2-705x573.jpg 705w, https:\/\/feylamellenringe.com\/wp-content\/uploads\/2020\/02\/fk7_dms2-450x366.jpg 450w\" sizes=\"auto, (max-width: 733px) 100vw, 733px\" \/><\/p>\n<\/div><\/section><\/div><\/p>\n<div class=\"flex_column av_one_full  flex_column_div av-zero-column-padding first  \" style='border-radius:0px; '><section class=\"av_textblock_section \"  itemscope=\"itemscope\" itemtype=\"https:\/\/schema.org\/CreativeWork\" ><div class='avia_textblock  '   itemprop=\"text\" ><p><strong>Achtung:<\/strong>\u00a0Bitte beachten Sie die Hinweise auf den Seiten Allgemeines,\u00a0<a href=\"http:\/\/www.feylamellenringe.com\/de\/konstruktion.php\">Konstruktions<\/a>&#8211; und Montagehinweise, Befettung und im\u00a0<a href=\"http:\/\/www.feylamellenringe.com\/de\/technischer-fragebogen.php\">technischen Fragebogen<\/a>.<\/p>\n<p><a class=\"pdf\" title=\"Als PDF herunterladen\" href=\"http:\/\/www.feylamellenringe.com\/upload\/6773385-fk7-dms.pdf\" target=\"_blank\" rel=\"noopener noreferrer\">Als PDF herunterladen<\/a><\/p>\n<\/div><\/section><\/div>\n","protected":false},"excerpt":{"rendered":"","protected":false},"author":1,"featured_media":0,"parent":2172,"menu_order":29,"comment_status":"closed","ping_status":"closed","template":"","meta":{"footnotes":""},"class_list":["post-2101","page","type-page","status-publish","hentry"],"_links":{"self":[{"href":"https:\/\/feylamellenringe.com\/pl\/wp-json\/wp\/v2\/pages\/2101","targetHints":{"allow":["GET"]}}],"collection":[{"href":"https:\/\/feylamellenringe.com\/pl\/wp-json\/wp\/v2\/pages"}],"about":[{"href":"https:\/\/feylamellenringe.com\/pl\/wp-json\/wp\/v2\/types\/page"}],"author":[{"embeddable":true,"href":"https:\/\/feylamellenringe.com\/pl\/wp-json\/wp\/v2\/users\/1"}],"replies":[{"embeddable":true,"href":"https:\/\/feylamellenringe.com\/pl\/wp-json\/wp\/v2\/comments?post=2101"}],"version-history":[{"count":3,"href":"https:\/\/feylamellenringe.com\/pl\/wp-json\/wp\/v2\/pages\/2101\/revisions"}],"predecessor-version":[{"id":2309,"href":"https:\/\/feylamellenringe.com\/pl\/wp-json\/wp\/v2\/pages\/2101\/revisions\/2309"}],"up":[{"embeddable":true,"href":"https:\/\/feylamellenringe.com\/pl\/wp-json\/wp\/v2\/pages\/2172"}],"wp:attachment":[{"href":"https:\/\/feylamellenringe.com\/pl\/wp-json\/wp\/v2\/media?parent=2101"}],"curies":[{"name":"wp","href":"https:\/\/api.w.org\/{rel}","templated":true}]}}