{"id":595,"date":"2017-10-09T17:59:24","date_gmt":"2017-10-09T15:59:24","guid":{"rendered":"http:\/\/feylamellenringe.com\/?page_id=595"},"modified":"2018-01-25T10:23:37","modified_gmt":"2018-01-25T09:23:37","slug":"willkommen","status":"publish","type":"page","link":"https:\/\/feylamellenringe.com\/ru\/","title":{"rendered":"\u0412\u0432\u043e\u0434\u043d\u0430\u044f \u0447\u0430\u0441\u0442\u044c"},"content":{"rendered":"<\/div><\/div><\/div><!-- close content main div --><\/div><\/div><div id='av_section_1' class='avia-section main_color avia-section-default avia-shadow avia-full-stretch avia-bg-style-scroll   container_wrap fullsize' style = 'background-repeat: no-repeat; background-image: url(https:\/\/feylamellenringe.com\/wp-content\/uploads\/2016\/05\/beackground-header.jpg); background-attachment: scroll; background-position: bottom center; ' data-section-bg-repeat='stretch' ><div class='container' ><div class='template-page content  av-content-full alpha units'><div class='post-entry post-entry-type-page post-entry-595'><div class='entry-content-wrapper clearfix'>\n<div class=\"flex_column av_three_fourth  av-animated-generic fade-in  flex_column_div av-zero-column-padding first  \" style='margin-top:0px; margin-bottom:0px; border-radius:0px; '><p><div style='padding-bottom:40px;color:#ffffff;font-size:40px;' class='av-special-heading av-special-heading-h1 custom-color-heading blockquote modern-quote   av-thin-font av-inherit-size '><h1 class='av-special-heading-tag '  itemprop=\"headline\"  ><strong>\u0423\u043f\u043b\u043e\u0442\u043d\u0438\u0442\u0435\u043b\u044c\u043d\u044b\u0435 \u0438 \u0441\u0442\u043e\u043f\u043e\u0440\u043d\u044b\u0435 \u043a\u043e\u043b\u0446\u0430 FEY<\/strong><br \/>\n<\/h1><div class='special-heading-border'><div class='special-heading-inner-border' style='border-color:#ffffff'><\/div><\/div><\/div><br \/>\n<div class='avia-button-wrap avia-button-left '><a href='https:\/\/feylamellenringe.com\/ru\/products\/' class='avia-button   avia-icon_select-no avia-color-custom avia-size-medium avia-position-left '  style='background-color:#004997; border-color:#004997; color:#ffffff; ' ><span class='avia_iconbox_title' >\u041f\u0440\u043e\u0434\u0443\u043a\u0446\u0438\u044f<\/span><\/a><\/div><br \/>\n<div class='avia-button-wrap avia-button-left '><a href='http:\/\/feylamellenringe.com\/wp-content\/uploads\/2018\/01\/fey_gesamt_ru.pdf' class='avia-button   avia-icon_select-no avia-color-custom avia-size-medium avia-position-left '  target=\"_blank\"  style='background-color:#ffffff; border-color:#ffffff; color:#383838; ' ><span class='avia_iconbox_title' >\u041a\u0430\u0442\u0430\u043b\u043e\u0433<\/span><\/a><\/div><\/p><\/div><div class=\"flex_column av_one_fourth  flex_column_div av-zero-column-padding   \" style='margin-top:0px; margin-bottom:0px; border-radius:0px; '><div class='avia-image-container  av-styling-   av-small-hide av-mini-hide  avia-align-right '  itemscope=\"itemscope\" itemtype=\"https:\/\/schema.org\/ImageObject\"  ><div class='avia-image-container-inner'><img class='avia_image ' src='https:\/\/feylamellenringe.com\/wp-content\/uploads\/2016\/05\/katalog-neu-241x300.png' alt='' title='katalog-neu'   itemprop=\"thumbnailUrl\"  \/><\/div><\/div><\/div><div class=\"flex_column av_one_full  flex_column_div av-zero-column-padding first  \" style='border-radius:0px; '><section class=\"av_textblock_section \"  itemscope=\"itemscope\" itemtype=\"https:\/\/schema.org\/CreativeWork\" ><div class='avia_textblock  '   itemprop=\"text\" ><h1>FEY, \u041b\u0435\u043f\u0435\u0441\u0442\u043a\u043e\u0432\u044b\u0435 \u043a\u043e\u043b\u044c\u0446\u0430 (\u0443\u043f\u043b\u043e\u0442\u043d\u0435\u043d\u0438\u044f)<\/h1>\n<\/div><\/section><\/div><\/p>\n<div class=\"flex_column av_one_third  flex_column_div av-zero-column-padding first  \" style='border-radius:0px; '><section class=\"av_textblock_section \"  itemscope=\"itemscope\" itemtype=\"https:\/\/schema.org\/CreativeWork\" ><div class='avia_textblock  '   itemprop=\"text\" ><p><strong>Firma FEY Lamellenringe <\/strong>\u044f\u0432\u043b\u044f\u0435\u0442\u0441\u044f \u044d\u043a\u0441\u043a\u043b\u044e\u0437\u0438\u0432\u043d\u044b\u043c \u043f\u0440\u0435\u0434\u0441\u0442\u0430\u0432\u0438\u0442\u0435\u043b\u0435\u043c \u0433\u043e\u043b\u043e\u0432\u043d\u043e\u0439 \u0444\u0438\u0440\u043c\u044b Fey Lamellenringe GmbH &amp; CO.KG, \u043a\u043e\u0442\u043e\u0440\u0430\u044f \u043f\u0440\u043e\u0438\u0437\u0432\u043e\u0434\u0438\u0442 \u0438 \u043f\u043e\u0441\u0442\u0430\u0432\u043b\u044f\u0435\u0442 \u043b\u0435\u043f\u0435\u0441\u0442\u043a\u043e\u0432\u044b\u0435 \u0443\u043f\u043b\u043e\u0442\u043d\u0435\u043d\u0438\u044f \u043f\u043e \u0432\u0441\u0435\u043c\u0443 \u043c\u0438\u0440\u0443.<\/p>\n<p>\u041b\u0435\u043f\u0435\u0441\u0442\u043a\u043e\u0432\u044b\u0435 \u0443\u043f\u043b\u043e\u0442\u043d\u0438\u0442\u0435\u043b\u044c\u043d\u044b\u0435 \u0438 \u043f\u0440\u0435\u0434\u043e\u0445\u0440\u0430\u043d\u0438\u0442\u0435\u043b\u044c\u043d\u044b\u0435 \u043a\u043e\u043b\u044c\u0446\u0430 \u043f\u0440\u0438\u043c\u0435\u043d\u044f\u044e\u0442\u0441\u044f \u0432 \u0436\u0435\u043b\u0435\u0437\u043d\u043e\u0434\u043e\u0440\u043e\u0436\u043d\u043e\u043c \u0442\u0440\u0430\u043d\u0441\u043f\u043e\u0440\u0442\u0435, \u0432 \u0433\u043e\u0440\u043d\u043e\u0434\u043e\u0431\u044b\u0432\u0430\u044e\u0449\u0435\u0439 \u043f\u0440\u043e\u043c\u044b\u0448\u043b\u0435\u043d\u043d\u043e\u0441\u0442\u0438 \u0438 \u044d\u043d\u0435\u0440\u0433\u0435\u0442\u0438\u043a\u0435. \u0421\u043e\u043e\u0442\u0432\u0435\u0442\u0441\u0442\u0432\u0443\u0435\u0442 \u043f\u043e\u0432\u044b\u0448\u0435\u043d\u043d\u044b\u043c \u0442\u0440\u0435\u0431\u043e\u0432\u0430\u043d\u0438\u044f\u043c \u0443\u043f\u043b\u043e\u0442\u043d\u0435\u043d\u0438\u0439 \u0442\u044f\u0433\u043e\u0432\u044b\u0445 \u0434\u0432\u0438\u0433\u0430\u0442\u0435\u043b\u0435\u0439, \u043f\u043e\u0434\u0448\u0438\u043f\u043d\u0438\u043a\u043e\u0432 \u043b\u0438\u043d\u0438\u0439 \u043d\u0435\u043f\u0440\u0435\u0440\u044b\u0432\u043d\u043e\u0439 \u0440\u0430\u0437\u043b\u0438\u0432\u043a\u0438, \u0442\u0440\u0430\u043d\u0441\u043f\u043e\u0440\u0442\u0435\u0440\u0430\u0445, \u043c\u043e\u0442\u043e\u0440\u0430\u0445, \u0433\u0435\u043d\u0435\u0440\u0430\u0442\u043e\u0440\u0430\u0445 \u0438 \u0442\u0443\u0440\u0431\u0438\u043d\u0430\u0445. \u041d\u0430\u0448\u0438\u043c\u0438 \u043f\u043e\u0442\u0440\u0435\u0431\u0438\u0442\u0435\u043b\u044f\u043c\u0438, \u0442\u0430\u043a \u0436\u0435 \u044f\u0432\u043b\u044f\u044e\u0442\u0441\u044f \u043f\u0440\u043e\u0438\u0437\u0432\u043e\u0434\u0438\u0442\u0435\u043b\u0438 \u043c\u0435\u0442\u0430\u043b\u043b\u043e\u0440\u0435\u0436\u0443\u0449\u0438\u0445 \u0441\u0442\u0430\u043d\u043a\u043e\u0432, \u0441\u0442\u0430\u043d\u043a\u043e\u0432 \u0434\u043b\u044f \u0442\u0435\u043a\u0441\u0442\u0438\u043b\u044c\u043d\u043e\u0439, \u0441\u0442\u0435\u043a\u043e\u043b\u044c\u043d\u043e\u0439, \u043a\u043e\u0436\u0435\u0432\u0435\u043d\u043d\u043e\u0439 \u0438 \u0440\u0435\u0437\u0438\u043d\u043e\u0442\u0435\u0445\u043d\u0438\u0447\u0435\u0441\u043a\u043e\u0439 \u043f\u0440\u043e\u043c\u044b\u0448\u043b\u0435\u043d\u043d\u043e\u0441\u0442\u0438.<\/p>\n<p>\u0411\u043e\u043b\u0435\u0435 20 \u043b\u0435\u0442 \u043c\u044b \u0443\u0441\u043f\u0435\u0448\u043d\u043e \u0440\u0430\u0431\u043e\u0442\u0430\u0435\u043c \u0432 \u0430\u0432\u0442\u043e\u043c\u043e\u0431\u0438\u043b\u044c\u043d\u043e\u0439 \u043f\u0440\u043e\u043c\u044b\u0448\u043b\u0435\u043d\u043d\u043e\u0441\u0442\u0438, \u0433\u0434\u0435 \u043d\u0430\u0448\u0438 \u043b\u0430\u0431\u0438\u0440\u0438\u043d\u0442\u043e\u0432\u044b\u0435 \u0443\u043f\u043b\u043e\u0442\u043d\u0435\u043d\u0438\u044f \u0438\u0441\u043f\u043e\u043b\u044c\u0437\u0443\u044e\u0442\u0441\u044f \u0432 \u0441\u0438\u0441\u0442\u0435\u043c\u0435 \u0432\u044b\u0445\u043b\u043e\u043f\u0430 \u0430\u0432\u0442\u043e\u043c\u043e\u0431\u0438\u043b\u044f, \u043f\u043e\u0434\u0448\u0438\u043f\u043d\u0438\u043a\u0430\u0445 \u0448\u0430\u0441\u0441\u0438 \u0438 \u0442.\u0434.<\/p>\n<p>\u041f\u043e\u0441\u043a\u043e\u043b\u044c\u043a\u0443 \u043f\u043e\u0441\u0442\u0430\u0432\u043b\u044f\u0435\u043c \u043d\u0430\u0448\u0443 \u043f\u0440\u043e\u0434\u0443\u043a\u0446\u0438\u044e \u0432 \u0430\u0432\u0442\u043e\u043c\u043e\u0431\u0438\u043b\u044c\u043d\u0443\u044e \u0438 \u0430\u0432\u0438\u0430\u0446\u0438\u043e\u043d\u043d\u0443\u044e \u043f\u0440\u043e\u043c\u044b\u0448\u043b\u0435\u043d\u043d\u043e\u0441\u0442\u044c, \u0442\u043e \u0432\u044b\u043f\u043e\u043b\u043d\u044f\u0435\u043c \u043f\u043e\u0432\u044b\u0448\u0435\u043d\u043d\u044b\u0435 \u0442\u0440\u0435\u0431\u043e\u0432\u0430\u043d\u0438\u044f \u043f\u043e \u043a\u0430\u0447\u0435\u0441\u0442\u0432\u0443 \u043f\u0440\u043e\u0438\u0437\u0432\u043e\u0434\u0441\u0442\u0432\u0430 \u0438 \u043f\u0440\u043e\u0434\u0443\u043a\u0446\u0438\u0438 \u0432 \u0441\u043e\u043e\u0442\u0432\u0435\u0442\u0441\u0442\u0432\u0438\u0438 \u0441 \u0441\u0435\u0440\u0442\u0438\u0444\u0438\u043a\u0430\u0442\u043e\u043c DIN EN ISO 9001:2000 (QS9000), ISO\/TS 16949:2002 a ISO 14001:2004.<\/p>\n<\/div><\/section><\/div>\n<div class=\"flex_column av_one_third  flex_column_div av-zero-column-padding   \" style='border-radius:0px; '><section class=\"av_textblock_section \"  itemscope=\"itemscope\" itemtype=\"https:\/\/schema.org\/CreativeWork\" ><div class='avia_textblock  '   itemprop=\"text\" ><p>\u041d\u0430\u0448\u0430 \u0444\u0438\u0440\u043c\u0430 Fey Lamellenringe GmbH &amp; CO.KG, \u0441 1946 \u0433\u043e\u0434\u0430 \u043f\u0440\u043e\u0438\u0437\u0432\u0435\u043b\u0430 \u0432 \u0413\u0435\u0440\u043c\u0430\u043d\u0438\u0438 \u0438 \u0447\u0435\u0440\u0435\u0437 \u043d\u0430\u0448\u0435 \u0442\u043e\u0440\u0433\u043e\u0432\u043e\u0435 \u043f\u0440\u0435\u0434\u0441\u0442\u0430\u0432\u0438\u0442\u0435\u043b\u044c\u0441\u0442\u0432\u043e (\u043e\u0442 1996 \u0433\u043e\u0434\u0430) \u043f\u043e\u0441\u0442\u0430\u0432\u0438\u043b\u0430 \u0432 \u0427\u0435\u0445\u0438\u044e \u0438 \u0421\u043b\u043e\u0432\u0430\u043a\u0438\u044e \u043b\u0435\u043f\u0435\u0441\u0442\u043a\u043e\u0432\u044b\u0435 \u043a\u043e\u043b\u044c\u0446\u0430 \u0434\u043b\u044f \u043f\u0440\u043e\u0441\u0442\u044b\u0445 \u0438 \u0441\u043b\u043e\u0436\u043d\u044b\u0445 \u0437\u0430\u0434\u0430\u0447 \u0443\u043f\u043b\u043e\u0442\u043d\u0435\u043d\u0438\u0439 \u043e\u0442 \u0434\u0438\u0430\u043c\u0435\u0442\u0440\u0430 10 \u043c\u043c \u0438 \u0434\u043e 1300 \u043c\u043c \u0441 \u0448\u0430\u0433\u043e\u043c 0,1 \u043c\u043c. \u041f\u0440\u043e\u0434\u0443\u043a\u0446\u0438\u044f \u043e\u0442 \u0444\u0438\u0440\u043c\u044b FEY \u044d\u0442\u043e \u043f\u0440\u043e\u0441\u0442\u044b\u0435 \u0438\u043b\u0438 \u0434\u0432\u043e\u0439\u043d\u044b\u0435 \u043a\u043e\u043b\u044c\u0446\u0430 \u0441 \u043f\u0440\u0443\u0436\u0438\u043d\u043d\u043e\u0439 \u0438 \u043d\u0438\u043a\u0435\u043b\u044c \u0445\u0440\u043e\u043c\u043e\u0432\u043e\u0439 \u0441\u0442\u0430\u043b\u0438 \u0441 \u0442\u0435\u043c\u043f\u0435\u0440\u0430\u0442\u0443\u0440\u043e\u0439 \u0434\u043e 750\u00b0C \u0438 \u0434\u0438\u0430\u043c\u0435\u0442\u0440\u043e\u043c \u0434\u043e 850 \u043c\u043c \u0432 \u043d\u0435\u0440\u0436\u0430\u0432\u0435\u044e\u0449\u0435\u043c \u0438\u0441\u043f\u043e\u043b\u043d\u0435\u043d\u0438\u0438.<\/p>\n<p>\u0424\u0438\u0440\u043c\u0430 FEY \u043a\u0430\u043a \u0435\u0434\u0438\u043d\u0441\u0442\u0432\u0435\u043d\u043d\u044b\u0439 \u043f\u0440\u043e\u0438\u0437\u0432\u043e\u0434\u0438\u0442\u0435\u043b\u044c \u044d\u0442\u0438\u0445 \u043a\u043e\u043b\u0435\u0446 \u0432 \u0415\u0432\u0440\u043e\u043f\u0435, \u043f\u0440\u0435\u0434\u043b\u0430\u0433\u0430\u0435\u0442 \u0412\u0430\u043c \u043f\u043e \u043d\u0438\u0437\u043a\u043e\u0439 \u0446\u0435\u043d\u0435 \u0441\u043b\u0435\u0434\u0443\u044e\u0449\u0438\u0435 \u043f\u0440\u0435\u0438\u043c\u0443\u0449\u0435\u0441\u0442\u0432\u0430:<\/p>\n<ul>\n<li>\u041d\u0435\u0431\u043e\u043b\u044c\u0448\u0430\u044f \u0443\u0441\u0442\u0430\u043d\u043e\u0432\u043e\u0447\u043d\u0430\u044f \u0432\u044b\u0441\u043e\u0442\u0430.<\/li>\n<li>\u041d\u0438\u0437\u043a\u043e\u0435 \u0442\u0440\u0435\u043d\u0438\u0435.<\/li>\n<li>\u041b\u0430\u0431\u0438\u0440\u0438\u043d\u0442\u043e\u0432\u044b\u0439 \u044d\u0444\u0444\u0435\u043a\u0442.<\/li>\n<li>\u042d\u043b\u0430\u0441\u0442\u0438\u0447\u043d\u043e\u0441\u0442\u044c \u0438 \u043f\u0440\u043e\u0447\u043d\u043e\u0441\u0442\u044c \u043d\u0430 \u0438\u0437\u043b\u043e\u043c.<\/li>\n<li>\u0412\u044b\u0441\u043e\u043a\u0430\u044f \u0434\u043e\u043b\u0433\u043e\u0432\u0435\u0447\u043d\u043e\u0441\u0442\u044c (\u0432 50 \u0440\u0430\u0437 \u0431\u043e\u043b\u044c\u0448\u0435 \u0447\u0435\u043c \u0443 \u0440\u0435\u0437\u0438\u043d\u043e\u0432\u044b\u0445 \u0443\u043f\u043b\u043e\u0442\u043d\u0435\u043d\u0438\u0439 \u2013 gufer).<\/li>\n<li>\u041f\u0440\u043e\u0441\u0442\u043e\u0439 \u043c\u043e\u043d\u0442\u0430\u0436 \u0431\u0435\u0437 \u0441\u043f\u0435\u0446\u0438\u0430\u043b\u044c\u043d\u044b\u0445 \u043f\u0440\u0438\u0441\u043f\u043e\u0441\u043e\u0431\u043b\u0435\u043d\u0438\u0439<\/li>\n<\/ul>\n<p>\u0412 \u043f\u0440\u043e\u0448\u043b\u043e\u043c \u0433\u043e\u0434\u0443 \u043d\u0430\u0448\u0430 \u0444\u0438\u0440\u043c\u0430 \u043f\u0440\u043e\u0438\u0437\u0432\u0435\u043b\u0430 \u0438 \u0440\u0435\u0430\u043b\u0438\u0437\u043e\u0432\u0430\u043b\u0430 \u043f\u043e \u0432\u0441\u0435\u043c\u0443 \u043c\u0438\u0440\u0443 \u0431\u043e\u043b\u0435\u0435 \u0447\u0435\u043c 30 000 000 \u043a\u043e\u043c\u043f\u043b\u0435\u043a\u0442\u043e\u0432 \u0443\u043f\u043b\u043e\u0442\u043d\u0438\u0442\u0435\u043b\u044c\u043d\u044b\u0445 \u043b\u0435\u043f\u0435\u0441\u0442\u043a\u043e\u0432\u044b\u0445 \u043a\u043e\u043b\u0435\u0446 \u0444\u0438\u0440\u043c\u044b FEY.<\/p>\n<\/div><\/section><\/div>\n<div class=\"flex_column av_one_third  flex_column_div av-zero-column-padding   \" style='border-radius:0px; '><section class=\"av_textblock_section \"  itemscope=\"itemscope\" itemtype=\"https:\/\/schema.org\/CreativeWork\" ><div class='avia_textblock  '   itemprop=\"text\" ><h2>\u041e\u0434\u043d\u0438 \u0438\u0437 \u043d\u0430\u0448\u0438\u0445 \u043f\u043e\u0442\u0440\u0435\u0431\u0438\u0442\u0435\u043b\u0435\u0439:<\/h2>\n<ul>\n<li><strong>\u0160KODA TRANSPORTATION a.s.<\/strong><\/li>\n<li><strong>\u0160KODA ELECTRIC a.s.<\/strong><\/li>\n<li><strong>ArcelorMittal Ostrava a.s.<\/strong><\/li>\n<li><strong>T\u0159ineck\u00e9 \u017delez\u00e1rny a.s.<\/strong><\/li>\n<li><strong>IG Watteuw Czech s.r.o.<\/strong><\/li>\n<li><strong>TAJMAC \u2013 ZPS a.s.<\/strong><\/li>\n<li><strong>Wikov MGI a.s.<\/strong><\/li>\n<li><strong>Clarage Turbo Technology a.s.<\/strong><\/li>\n<li><strong>Kovosvit MAS a.s.<\/strong><\/li>\n<li><strong>Wheelabrator \u010cR s.r.o.<\/strong><\/li>\n<li>&#8230; \u0438 \u043c\u043d\u043e\u0433\u043e \u0434\u0440\u0443\u0433\u0438\u0445 \u0444\u0438\u0440\u043c.<\/li>\n<\/ul>\n<\/div><\/section><\/div>\n<div  class='hr hr-default  '><span class='hr-inner ' ><span class='hr-inner-style'><\/span><\/span><\/div>\n<section class=\"av_textblock_section \"  itemscope=\"itemscope\" itemtype=\"https:\/\/schema.org\/CreativeWork\" ><div class='avia_textblock  '   itemprop=\"text\" ><\/div><\/section>\n","protected":false},"excerpt":{"rendered":"","protected":false},"author":1,"featured_media":0,"parent":0,"menu_order":0,"comment_status":"closed","ping_status":"closed","template":"","meta":{"footnotes":""},"class_list":["post-595","page","type-page","status-publish","hentry"],"_links":{"self":[{"href":"https:\/\/feylamellenringe.com\/ru\/wp-json\/wp\/v2\/pages\/595","targetHints":{"allow":["GET"]}}],"collection":[{"href":"https:\/\/feylamellenringe.com\/ru\/wp-json\/wp\/v2\/pages"}],"about":[{"href":"https:\/\/feylamellenringe.com\/ru\/wp-json\/wp\/v2\/types\/page"}],"author":[{"embeddable":true,"href":"https:\/\/feylamellenringe.com\/ru\/wp-json\/wp\/v2\/users\/1"}],"replies":[{"embeddable":true,"href":"https:\/\/feylamellenringe.com\/ru\/wp-json\/wp\/v2\/comments?post=595"}],"version-history":[{"count":10,"href":"https:\/\/feylamellenringe.com\/ru\/wp-json\/wp\/v2\/pages\/595\/revisions"}],"predecessor-version":[{"id":1809,"href":"https:\/\/feylamellenringe.com\/ru\/wp-json\/wp\/v2\/pages\/595\/revisions\/1809"}],"wp:attachment":[{"href":"https:\/\/feylamellenringe.com\/ru\/wp-json\/wp\/v2\/media?parent=595"}],"curies":[{"name":"wp","href":"https:\/\/api.w.org\/{rel}","templated":true}]}}