{"id":871,"date":"2017-10-24T13:15:22","date_gmt":"2017-10-24T11:15:22","guid":{"rendered":"http:\/\/feylamellenringe.com\/?page_id=871"},"modified":"2024-11-04T12:11:45","modified_gmt":"2024-11-04T11:11:45","slug":"%d1%81%d0%b5%d1%80%d1%82%d0%b8%d1%84%d0%b8%d0%ba%d0%b0%d1%82-%d1%81%d0%be%d0%be%d1%82%d0%b2%d0%b5%d1%82%d1%81%d1%82%d0%b2%d0%b8%d1%8f-impresum","status":"publish","type":"page","link":"https:\/\/feylamellenringe.com\/ru\/%d1%81%d0%b5%d1%80%d1%82%d0%b8%d1%84%d0%b8%d0%ba%d0%b0%d1%82-%d1%81%d0%be%d0%be%d1%82%d0%b2%d0%b5%d1%82%d1%81%d1%82%d0%b2%d0%b8%d1%8f-impresum\/","title":{"rendered":"\u0421\u0435\u0440\u0442\u0438\u0444\u0438\u043a\u0430\u0442 \u0441\u043e\u043e\u0442\u0432\u0435\u0442\u0441\u0442\u0432\u0438\u044f"},"content":{"rendered":"<\/div><\/div><\/div><!-- close content main div --><\/div><\/div><div id='features' class='avia-section main_color avia-section-no-padding avia-no-border-styling avia-bg-style-scroll   container_wrap fullsize'   ><div class='container' ><div class='template-page content  av-content-full alpha units'><div class='post-entry post-entry-type-page post-entry-871'><div class='entry-content-wrapper clearfix'>\n<div class=\"flex_column av_one_full  flex_column_div av-zero-column-padding first  \" style='border-radius:0px; '><section class=\"av_textblock_section \"  itemscope=\"itemscope\" itemtype=\"https:\/\/schema.org\/CreativeWork\" ><div class='avia_textblock  '   itemprop=\"text\" ><p>\u0418\u043c\u043f\u043e\u0440\u0442\u0435\u0440 \u0437\u0430\u044f\u0432\u043b\u044f\u0435\u0442 \u0438 \u043f\u043e\u0434\u0442\u0432\u0435\u0440\u0436\u0434\u0430\u0435\u0442 \u043f\u043e\u0434 \u0441\u0432\u043e\u044e \u043e\u0442\u0432\u0435\u0442\u0441\u0442\u0432\u0435\u043d\u043d\u043e\u0441\u0442\u044c, \u0447\u0442\u043e \u043b\u0435\u043f\u0435\u0441\u0442\u043a\u043e\u0432\u044b\u0435 \u0443\u043f\u043b\u043e\u0442\u043d\u044f\u044e\u0449\u0438\u0435 \u043a\u043e\u043b\u044c\u0446\u0430 FEY \u043f\u0440\u0435\u0434\u043d\u0430\u0437\u043d\u0430\u0447\u0435\u043d\u044b \u0434\u043b\u044f \u0443\u043f\u043b\u043e\u0442\u043d\u0435\u043d\u0438\u0439 \u0441\u0442\u0430\u043d\u043a\u043e\u0432 \u0438 \u043e\u0431\u043e\u0440\u0443\u0434\u043e\u0432\u0430\u043d\u0438\u044f<\/p>\n<p>&#8212; \u0441\u043e\u043e\u0442\u0432\u0435\u0442\u0441\u0442\u0432\u0443\u0435\u0442 \u0443\u0441\u043b\u043e\u0432\u0438\u044f\u043c \u0421\u0435\u0440\u0442\u0438\u0444\u0438\u043a\u0430\u0442\u0430 \u0441\u043e\u043e\u0442\u0432\u0435\u0442\u0441\u0442\u0432\u0438\u044f.<\/p>\n<p>\u0424\u0438\u0440\u043c\u0430 FEY \u0434\u0435\u0439\u0441\u0442\u0432\u0443\u0435\u0442 \u043f\u043e \u0441\u0438\u0441\u0442\u0435\u043c\u0435 \u043a\u0430\u0447\u0435\u0441\u0442\u0432\u0430 DIN EN ISO 9001:20000 \u0438 ISO\/TS 16949:2002 \u0438 ISO 14001:2004, \u0447\u0435\u043c \u043f\u043e\u0434\u0442\u0432\u0435\u0440\u0436\u0434\u0430\u0435\u0442 \u0441\u043e\u043e\u0442\u0432\u0435\u0442\u0441\u0442\u0432\u0438\u0435 \u0432\u0441\u0435\u0439 \u043f\u0440\u043e\u0434\u0443\u043a\u0446\u0438\u0438 \u043f\u043e\u0441\u0442\u0430\u0432\u043b\u044f\u0435\u043c\u043e\u0439 \u043d\u0430 \u0440\u044b\u043d\u043e\u043a \u0442\u0435\u0445\u043d\u0438\u0447\u0435\u0441\u043a\u043e\u0439 \u0434\u043e\u043a\u0443\u043c\u0435\u043d\u0442\u0430\u0446\u0438\u0438 \u0438 \u043e\u0441\u043d\u043e\u0432\u043d\u044b\u043c \u0442\u0440\u0435\u0431\u043e\u0432\u0430\u043d\u0438\u044f\u043c.<\/p>\n<\/div><\/section><\/div>\n\n<\/div><\/div><\/div><!-- close content main div --><\/div><\/div><div id='features' class='avia-section main_color avia-section-no-padding avia-no-border-styling avia-bg-style-scroll   container_wrap fullsize'   ><div class='container' ><div class='template-page content  av-content-full alpha units'><div class='post-entry post-entry-type-page post-entry-871'><div class='entry-content-wrapper clearfix'>\n<div class=\"flex_column av_one_half  flex_column_div av-zero-column-padding first  \" style='border-radius:0px; '><section class=\"av_textblock_section \"  itemscope=\"itemscope\" itemtype=\"https:\/\/schema.org\/CreativeWork\" ><div class='avia_textblock  '   itemprop=\"text\" ><h2>Fey Lamellenring Vertriebs Ltd.<\/h2>\n<p>Wienersdorfer Hauptstra\u00dfe 41<br \/>\n2514 Traiskirchen &#8212; Wienersdorf, Austria<\/p>\n<dl class=\"floatList\">\n<dt>Phone number: +43 02252 88640<\/dt>\n<dt>Fax number: +43 02252 88640-2<\/dt>\n<dt>E-mail address:\u00a0<a class=\"escape email\" title=\"E-Mail senden\" href=\"mailto:office@feylamellenringe.com\">office@feylamellenringe.com<\/a><\/dt>\n<dt>Internet:\u00a0<a title=\"Fey Lamellenring Vertriebs Ltd.\" href=\"http:\/\/www.feylamellenringe.com\/\">www.feylamellenringe.com<\/a><\/dt>\n<\/dl>\n<\/div><\/section><\/div><div class=\"flex_column av_one_half  flex_column_div av-zero-column-padding   \" style='border-radius:0px; '><section class=\"av_textblock_section \"  itemscope=\"itemscope\" itemtype=\"https:\/\/schema.org\/CreativeWork\" ><div class='avia_textblock  '   itemprop=\"text\" ><p><img loading=\"lazy\" decoding=\"async\" class=\"alignnone size-full wp-image-3901\" src=\"http:\/\/feylamellenringe.com\/wp-content\/uploads\/2024\/11\/Fey-Certificate-2027-ENG-jpg.jpg\" alt=\"\" width=\"726\" height=\"1024\" srcset=\"https:\/\/feylamellenringe.com\/wp-content\/uploads\/2024\/11\/Fey-Certificate-2027-ENG-jpg.jpg 726w, https:\/\/feylamellenringe.com\/wp-content\/uploads\/2024\/11\/Fey-Certificate-2027-ENG-jpg-213x300.jpg 213w, https:\/\/feylamellenringe.com\/wp-content\/uploads\/2024\/11\/Fey-Certificate-2027-ENG-jpg-500x705.jpg 500w, https:\/\/feylamellenringe.com\/wp-content\/uploads\/2024\/11\/Fey-Certificate-2027-ENG-jpg-450x635.jpg 450w\" sizes=\"auto, (max-width: 726px) 100vw, 726px\" \/><\/p>\n<\/div><\/section><\/div><\/div><\/div><\/div><!-- close content main div --><\/div><\/div><div id='features' class='avia-section main_color avia-section-no-padding avia-no-border-styling avia-bg-style-scroll   container_wrap fullsize'   ><div class='container' ><div class='template-page content  av-content-full alpha units'><div class='post-entry post-entry-type-page post-entry-871'><div class='entry-content-wrapper clearfix'>\n<div class=\"flex_column av_one_full  flex_column_div av-zero-column-padding first  \" style='border-radius:0px; '><section class=\"av_textblock_section \"  itemscope=\"itemscope\" itemtype=\"https:\/\/schema.org\/CreativeWork\" ><div class='avia_textblock  '   itemprop=\"text\" ><dl class=\"floatList\">\n<dt>Chief executive: Mrs Verena Schmied<\/dt>\n<dt>Rep. authorised to deal with judicial persons: Mrs Verena Schmied<\/dt>\n<dt><\/dt>\n<\/dl>\n<dl class=\"floatList\">\n<dt>Legal form: Ltd.<\/dt>\n<dt>Competent supervisory authority: Bezirkshauptmannschaft Baden<\/dt>\n<dt><\/dt>\n<\/dl>\n<div class=\"clear\">Chambers: <a href=\"http:\/\/firmen.wko.at\/Web\/DetailsInfos.aspx?FirmaID=dff5c46c-a306-41fb-9ab0-5dbd7c0e6cbe&amp;StandortID=0&amp;Suchbegriff=fey+lamellenringe+vertriebs+gmbh&amp;Page=1\" target=\"_blank\" rel=\"noopener\">Provincial Chamber\u00a0of Agriculture of Lower Austria<\/a><\/div>\n<div class=\"clear\">Legal job title: Trade in industrial suppliesVAT ID:ATU 17518906<\/div>\n<div><\/div>\n<dl class=\"floatList\">\n<dt>Register: Commercial register<\/dt>\n<dt>Register\/Location: Regional Court Wiener Neustadt<\/dt>\n<dt>Register number: Commercial register: FN 85873i<\/dt>\n<\/dl>\n<\/div><\/section><\/div>\n<\/p>\n<\/div><\/div><\/div><!-- close content main div --><\/div><\/div><div id='features' class='avia-section main_color avia-section-no-padding avia-no-border-styling avia-bg-style-scroll   container_wrap fullsize'   ><div class='container' ><div class='template-page content  av-content-full alpha units'><div class='post-entry post-entry-type-page post-entry-871'><div class='entry-content-wrapper clearfix'>\n<div class=\"flex_column av_one_full  flex_column_div av-zero-column-padding first  \" style='border-radius:0px; '><section class=\"av_textblock_section \"  itemscope=\"itemscope\" itemtype=\"https:\/\/schema.org\/CreativeWork\" ><div class='avia_textblock  '   itemprop=\"text\" ><h4 id=\"datenschutzbestimmungen2\">Data protection policy<\/h4>\n<p>We collect, process, and use your data only in the context of the legal requirements. This privacy statement applies solely to the use of websites provided by us. It does not apply to websites of other service providers, to which we make reference by link.<\/p>\n<p>When using our websites you will remain anonymous, as long as you do not voluntarily provide us with personal information. Personal data is collected, only if it is necessary for the use of services offered on the website, in particular the contact form.<\/p>\n<p>We will treat any supplied data strictly confidential. We will not pass on any personal data without your explicit consent, unless we are legally obliged to do so. We would like to point out, however, that data transmitted over the internet can always be viewed or falsified by a third party.<\/p>\n<p>At your request, we will allow you to inspect any stored data from you and\/or delete it if you want us to do so. If you want to correct, delete or take a look at your data, simply write a letter to the address stated in the legal notice.<\/p>\n<p>Within the framework of our newsletter program, we will only send out product updates, etc. to our customers, if you provide us with your e-mail address.<\/p>\n<p>Online-Streitbeilegung gem\u00e4\u00df Art. 14 Abs. 1 ODR-VO: Die Europ\u00e4ische Kommission stellt eine Plattform zur Online-Streitbeilegung (OS) bereit, die Sie unter\u00a0<a href=\"http:\/\/ec.europa.eu\/consumers\/odr\/\" target=\"_blank\" rel=\"noopener\">http:\/\/ec.europa.eu\/consumers\/odr\/<\/a>\u00a0finden. Dar\u00fcber hinaus nimmt unser Betrieb an einem Verbraucherstreitigkeitsverfahren nicht teil.<\/p>\n<p><a href=\"http:\/\/feylamellenringe.com\/wp-content\/uploads\/2021\/10\/AGBs_2021_V2_1310_EN.pdf\">AGB&#8217;s_2021_V2_1310_EN<\/a><\/p>\n<\/div><\/section><\/div>\n\n","protected":false},"excerpt":{"rendered":"","protected":false},"author":2,"featured_media":0,"parent":0,"menu_order":5,"comment_status":"closed","ping_status":"closed","template":"","meta":{"footnotes":""},"class_list":["post-871","page","type-page","status-publish","hentry"],"_links":{"self":[{"href":"https:\/\/feylamellenringe.com\/ru\/wp-json\/wp\/v2\/pages\/871","targetHints":{"allow":["GET"]}}],"collection":[{"href":"https:\/\/feylamellenringe.com\/ru\/wp-json\/wp\/v2\/pages"}],"about":[{"href":"https:\/\/feylamellenringe.com\/ru\/wp-json\/wp\/v2\/types\/page"}],"author":[{"embeddable":true,"href":"https:\/\/feylamellenringe.com\/ru\/wp-json\/wp\/v2\/users\/2"}],"replies":[{"embeddable":true,"href":"https:\/\/feylamellenringe.com\/ru\/wp-json\/wp\/v2\/comments?post=871"}],"version-history":[{"count":10,"href":"https:\/\/feylamellenringe.com\/ru\/wp-json\/wp\/v2\/pages\/871\/revisions"}],"predecessor-version":[{"id":3921,"href":"https:\/\/feylamellenringe.com\/ru\/wp-json\/wp\/v2\/pages\/871\/revisions\/3921"}],"wp:attachment":[{"href":"https:\/\/feylamellenringe.com\/ru\/wp-json\/wp\/v2\/media?parent=871"}],"curies":[{"name":"wp","href":"https:\/\/api.w.org\/{rel}","templated":true}]}}